{"id":960,"date":"2024-05-13T11:08:03","date_gmt":"2024-05-13T09:08:03","guid":{"rendered":"https:\/\/www.leipzig-heymann.de\/?page_id=960"},"modified":"2024-05-13T11:09:13","modified_gmt":"2024-05-13T09:09:13","slug":"ihre-meinung","status":"publish","type":"page","link":"https:\/\/www.leipzig-heymann.de\/index.php\/ihre-meinung\/","title":{"rendered":"Ihre Meinung"},"content":{"rendered":"<p><img loading=\"lazy\" decoding=\"async\" class=\"alignnone wp-image-956 size-large\" src=\"https:\/\/www.leipzig-heymann.de\/wp-content\/uploads\/2024\/05\/Leuschnerplatz-1-1024x768.jpg\" alt=\"\" width=\"780\" height=\"585\" srcset=\"https:\/\/www.leipzig-heymann.de\/wp-content\/uploads\/2024\/05\/Leuschnerplatz-1-1024x768.jpg 1024w, https:\/\/www.leipzig-heymann.de\/wp-content\/uploads\/2024\/05\/Leuschnerplatz-1-300x225.jpg 300w, https:\/\/www.leipzig-heymann.de\/wp-content\/uploads\/2024\/05\/Leuschnerplatz-1-768x576.jpg 768w, https:\/\/www.leipzig-heymann.de\/wp-content\/uploads\/2024\/05\/Leuschnerplatz-1.jpg 1440w\" sizes=\"auto, (max-width: 780px) 100vw, 780px\" \/><\/p>\n<p>Das Stadtplatzprogramm f\u00fcr Leipzig wurde beschlossen. Dabei werden noch lang nicht alle Orte in Leipzigs Mitte betrachtet, die zum Verweilen geeignet sein k\u00f6nnten. Pl\u00e4tze, wie der Wilhelm-Leuschner-Platz, bieten eher Gestaltungsraum f\u00fcr die G\u00e4ste der Stadt und die gesamte Bev\u00f6lkerung. Doch auch Sie als Einwohnerinnen und Einwohner der Zentrums-Ortsteile wollen sicher auch an einem Ort verweilen wollen, der nahe ihrem Zuhause ist.<br \/>\nWer gern seine Anregungen zu diesen Verweilorten im Quartier geben m\u00f6chte, kann dies gern \u00fcber eine kleine anonyme Umfrage tun. Weitere und direkte Anregungen k\u00f6nnen auch auf dem Email-Weg an mich gesandt werden, \u00fcber <strong><a href=\"mailto:mail@leipzig-heymann.de\" target=\"_blank\" rel=\"noopener\">mail@leipzig-heymann.de<\/a><\/strong>.<\/p>\n<p>Link zur Umfrage \u201eEin Stadtplatz in meiner N\u00e4he\u201c <strong><a href=\"https:\/\/de.surveymonkey.com\/r\/2DC3B9Y\" target=\"_blank\" rel=\"noopener\">https:\/\/de.surveymonkey.com\/r\/2DC3B9Y<\/a><\/strong><\/p>\n","protected":false},"excerpt":{"rendered":"<p>Das Stadtplatzprogramm f\u00fcr Leipzig wurde beschlossen. Dabei werden noch lang nicht alle Orte in Leipzigs Mitte betrachtet, die zum Verweilen geeignet sein k\u00f6nnten. Pl\u00e4tze, wie der Wilhelm-Leuschner-Platz, bieten eher Gestaltungsraum f\u00fcr die G\u00e4ste der Stadt und die gesamte Bev\u00f6lkerung. Doch auch Sie als Einwohnerinnen und Einwohner der Zentrums-Ortsteile wollen sicher auch an einem Ort verweilen <a class=\"more-link\" href=\"https:\/\/www.leipzig-heymann.de\/index.php\/ihre-meinung\/\">Weiterlesen\u00a0\u2026<\/a><\/p>\n","protected":false},"author":1,"featured_media":0,"parent":0,"menu_order":0,"comment_status":"closed","ping_status":"closed","template":"","meta":{"footnotes":""},"class_list":["post-960","page","type-page","status-publish","hentry"],"yoast_head":"<!-- This site is optimized with the Yoast SEO plugin v27.5 - https:\/\/yoast.com\/product\/yoast-seo-wordpress\/ -->\n<title>Ihre Meinung - DIE LEIPZIGER UNION<\/title>\n<meta name=\"robots\" content=\"index, follow, max-snippet:-1, max-image-preview:large, max-video-preview:-1\" \/>\n<link rel=\"canonical\" href=\"https:\/\/www.leipzig-heymann.de\/index.php\/ihre-meinung\/\" \/>\n<meta property=\"og:locale\" content=\"de_DE\" \/>\n<meta property=\"og:type\" content=\"article\" \/>\n<meta property=\"og:title\" content=\"Ihre Meinung - DIE LEIPZIGER UNION\" \/>\n<meta property=\"og:description\" content=\"Das Stadtplatzprogramm f\u00fcr Leipzig wurde beschlossen. Dabei werden noch lang nicht alle Orte in Leipzigs Mitte betrachtet, die zum Verweilen geeignet sein k\u00f6nnten. Pl\u00e4tze, wie der Wilhelm-Leuschner-Platz, bieten eher Gestaltungsraum f\u00fcr die G\u00e4ste der Stadt und die gesamte Bev\u00f6lkerung. Doch auch Sie als Einwohnerinnen und Einwohner der Zentrums-Ortsteile wollen sicher auch an einem Ort verweilen Weiterlesen\u00a0\u2026\" \/>\n<meta property=\"og:url\" content=\"https:\/\/www.leipzig-heymann.de\/index.php\/ihre-meinung\/\" \/>\n<meta property=\"og:site_name\" content=\"DIE LEIPZIGER UNION\" \/>\n<meta property=\"article:publisher\" content=\"https:\/\/www.facebook.com\/ts.heymann\" \/>\n<meta property=\"article:modified_time\" content=\"2024-05-13T09:09:13+00:00\" \/>\n<meta property=\"og:image\" content=\"https:\/\/www.leipzig-heymann.de\/wp-content\/uploads\/2024\/05\/Leuschnerplatz-1-1024x768.jpg\" \/>\n<meta name=\"twitter:card\" content=\"summary_large_image\" \/>\n<meta name=\"twitter:label1\" content=\"Gesch\u00e4tzte Lesezeit\" \/>\n\t<meta name=\"twitter:data1\" content=\"1\u00a0Minute\" \/>\n<script type=\"application\/ld+json\" class=\"yoast-schema-graph\">{\"@context\":\"https:\\\/\\\/schema.org\",\"@graph\":[{\"@type\":\"WebPage\",\"@id\":\"https:\\\/\\\/www.leipzig-heymann.de\\\/index.php\\\/ihre-meinung\\\/\",\"url\":\"https:\\\/\\\/www.leipzig-heymann.de\\\/index.php\\\/ihre-meinung\\\/\",\"name\":\"Ihre Meinung - DIE LEIPZIGER UNION\",\"isPartOf\":{\"@id\":\"https:\\\/\\\/www.leipzig-heymann.de\\\/#website\"},\"primaryImageOfPage\":{\"@id\":\"https:\\\/\\\/www.leipzig-heymann.de\\\/index.php\\\/ihre-meinung\\\/#primaryimage\"},\"image\":{\"@id\":\"https:\\\/\\\/www.leipzig-heymann.de\\\/index.php\\\/ihre-meinung\\\/#primaryimage\"},\"thumbnailUrl\":\"https:\\\/\\\/www.leipzig-heymann.de\\\/wp-content\\\/uploads\\\/2024\\\/05\\\/Leuschnerplatz-1-1024x768.jpg\",\"datePublished\":\"2024-05-13T09:08:03+00:00\",\"dateModified\":\"2024-05-13T09:09:13+00:00\",\"breadcrumb\":{\"@id\":\"https:\\\/\\\/www.leipzig-heymann.de\\\/index.php\\\/ihre-meinung\\\/#breadcrumb\"},\"inLanguage\":\"de\",\"potentialAction\":[{\"@type\":\"ReadAction\",\"target\":[\"https:\\\/\\\/www.leipzig-heymann.de\\\/index.php\\\/ihre-meinung\\\/\"]}]},{\"@type\":\"ImageObject\",\"inLanguage\":\"de\",\"@id\":\"https:\\\/\\\/www.leipzig-heymann.de\\\/index.php\\\/ihre-meinung\\\/#primaryimage\",\"url\":\"https:\\\/\\\/www.leipzig-heymann.de\\\/wp-content\\\/uploads\\\/2024\\\/05\\\/Leuschnerplatz-1.jpg\",\"contentUrl\":\"https:\\\/\\\/www.leipzig-heymann.de\\\/wp-content\\\/uploads\\\/2024\\\/05\\\/Leuschnerplatz-1.jpg\",\"width\":1440,\"height\":1080,\"caption\":\"Der Bowling Treff - Option f\u00fcr das Naturkundemuseum\"},{\"@type\":\"BreadcrumbList\",\"@id\":\"https:\\\/\\\/www.leipzig-heymann.de\\\/index.php\\\/ihre-meinung\\\/#breadcrumb\",\"itemListElement\":[{\"@type\":\"ListItem\",\"position\":1,\"name\":\"Startseite\",\"item\":\"https:\\\/\\\/www.leipzig-heymann.de\\\/index.php\\\/home\\\/\"},{\"@type\":\"ListItem\",\"position\":2,\"name\":\"Ihre Meinung\"}]},{\"@type\":\"WebSite\",\"@id\":\"https:\\\/\\\/www.leipzig-heymann.de\\\/#website\",\"url\":\"https:\\\/\\\/www.leipzig-heymann.de\\\/\",\"name\":\"DIE LEIPZIGER UNION\",\"description\":\"Christlich Demokratische Union Deutschlands \",\"publisher\":{\"@id\":\"https:\\\/\\\/www.leipzig-heymann.de\\\/#organization\"},\"potentialAction\":[{\"@type\":\"SearchAction\",\"target\":{\"@type\":\"EntryPoint\",\"urlTemplate\":\"https:\\\/\\\/www.leipzig-heymann.de\\\/?s={search_term_string}\"},\"query-input\":{\"@type\":\"PropertyValueSpecification\",\"valueRequired\":true,\"valueName\":\"search_term_string\"}}],\"inLanguage\":\"de\"},{\"@type\":\"Organization\",\"@id\":\"https:\\\/\\\/www.leipzig-heymann.de\\\/#organization\",\"name\":\"DIE LEIPZIGER UNION\",\"url\":\"https:\\\/\\\/www.leipzig-heymann.de\\\/\",\"logo\":{\"@type\":\"ImageObject\",\"inLanguage\":\"de\",\"@id\":\"https:\\\/\\\/www.leipzig-heymann.de\\\/#\\\/schema\\\/logo\\\/image\\\/\",\"url\":\"https:\\\/\\\/www.leipzig-heymann.de\\\/wp-content\\\/uploads\\\/2024\\\/05\\\/CDU-Logo.jpg\",\"contentUrl\":\"https:\\\/\\\/www.leipzig-heymann.de\\\/wp-content\\\/uploads\\\/2024\\\/05\\\/CDU-Logo.jpg\",\"width\":512,\"height\":250,\"caption\":\"DIE LEIPZIGER UNION\"},\"image\":{\"@id\":\"https:\\\/\\\/www.leipzig-heymann.de\\\/#\\\/schema\\\/logo\\\/image\\\/\"},\"sameAs\":[\"https:\\\/\\\/www.facebook.com\\\/ts.heymann\"]}]}<\/script>\n<!-- \/ Yoast SEO plugin. -->","yoast_head_json":{"title":"Ihre Meinung - DIE LEIPZIGER UNION","robots":{"index":"index","follow":"follow","max-snippet":"max-snippet:-1","max-image-preview":"max-image-preview:large","max-video-preview":"max-video-preview:-1"},"canonical":"https:\/\/www.leipzig-heymann.de\/index.php\/ihre-meinung\/","og_locale":"de_DE","og_type":"article","og_title":"Ihre Meinung - DIE LEIPZIGER UNION","og_description":"Das Stadtplatzprogramm f\u00fcr Leipzig wurde beschlossen. Dabei werden noch lang nicht alle Orte in Leipzigs Mitte betrachtet, die zum Verweilen geeignet sein k\u00f6nnten. Pl\u00e4tze, wie der Wilhelm-Leuschner-Platz, bieten eher Gestaltungsraum f\u00fcr die G\u00e4ste der Stadt und die gesamte Bev\u00f6lkerung. Doch auch Sie als Einwohnerinnen und Einwohner der Zentrums-Ortsteile wollen sicher auch an einem Ort verweilen Weiterlesen\u00a0\u2026","og_url":"https:\/\/www.leipzig-heymann.de\/index.php\/ihre-meinung\/","og_site_name":"DIE LEIPZIGER UNION","article_publisher":"https:\/\/www.facebook.com\/ts.heymann","article_modified_time":"2024-05-13T09:09:13+00:00","og_image":[{"url":"https:\/\/www.leipzig-heymann.de\/wp-content\/uploads\/2024\/05\/Leuschnerplatz-1-1024x768.jpg","type":"","width":"","height":""}],"twitter_card":"summary_large_image","twitter_misc":{"Gesch\u00e4tzte Lesezeit":"1\u00a0Minute"},"schema":{"@context":"https:\/\/schema.org","@graph":[{"@type":"WebPage","@id":"https:\/\/www.leipzig-heymann.de\/index.php\/ihre-meinung\/","url":"https:\/\/www.leipzig-heymann.de\/index.php\/ihre-meinung\/","name":"Ihre Meinung - DIE LEIPZIGER UNION","isPartOf":{"@id":"https:\/\/www.leipzig-heymann.de\/#website"},"primaryImageOfPage":{"@id":"https:\/\/www.leipzig-heymann.de\/index.php\/ihre-meinung\/#primaryimage"},"image":{"@id":"https:\/\/www.leipzig-heymann.de\/index.php\/ihre-meinung\/#primaryimage"},"thumbnailUrl":"https:\/\/www.leipzig-heymann.de\/wp-content\/uploads\/2024\/05\/Leuschnerplatz-1-1024x768.jpg","datePublished":"2024-05-13T09:08:03+00:00","dateModified":"2024-05-13T09:09:13+00:00","breadcrumb":{"@id":"https:\/\/www.leipzig-heymann.de\/index.php\/ihre-meinung\/#breadcrumb"},"inLanguage":"de","potentialAction":[{"@type":"ReadAction","target":["https:\/\/www.leipzig-heymann.de\/index.php\/ihre-meinung\/"]}]},{"@type":"ImageObject","inLanguage":"de","@id":"https:\/\/www.leipzig-heymann.de\/index.php\/ihre-meinung\/#primaryimage","url":"https:\/\/www.leipzig-heymann.de\/wp-content\/uploads\/2024\/05\/Leuschnerplatz-1.jpg","contentUrl":"https:\/\/www.leipzig-heymann.de\/wp-content\/uploads\/2024\/05\/Leuschnerplatz-1.jpg","width":1440,"height":1080,"caption":"Der Bowling Treff - Option f\u00fcr das Naturkundemuseum"},{"@type":"BreadcrumbList","@id":"https:\/\/www.leipzig-heymann.de\/index.php\/ihre-meinung\/#breadcrumb","itemListElement":[{"@type":"ListItem","position":1,"name":"Startseite","item":"https:\/\/www.leipzig-heymann.de\/index.php\/home\/"},{"@type":"ListItem","position":2,"name":"Ihre Meinung"}]},{"@type":"WebSite","@id":"https:\/\/www.leipzig-heymann.de\/#website","url":"https:\/\/www.leipzig-heymann.de\/","name":"DIE LEIPZIGER UNION","description":"Christlich Demokratische Union Deutschlands ","publisher":{"@id":"https:\/\/www.leipzig-heymann.de\/#organization"},"potentialAction":[{"@type":"SearchAction","target":{"@type":"EntryPoint","urlTemplate":"https:\/\/www.leipzig-heymann.de\/?s={search_term_string}"},"query-input":{"@type":"PropertyValueSpecification","valueRequired":true,"valueName":"search_term_string"}}],"inLanguage":"de"},{"@type":"Organization","@id":"https:\/\/www.leipzig-heymann.de\/#organization","name":"DIE LEIPZIGER UNION","url":"https:\/\/www.leipzig-heymann.de\/","logo":{"@type":"ImageObject","inLanguage":"de","@id":"https:\/\/www.leipzig-heymann.de\/#\/schema\/logo\/image\/","url":"https:\/\/www.leipzig-heymann.de\/wp-content\/uploads\/2024\/05\/CDU-Logo.jpg","contentUrl":"https:\/\/www.leipzig-heymann.de\/wp-content\/uploads\/2024\/05\/CDU-Logo.jpg","width":512,"height":250,"caption":"DIE LEIPZIGER UNION"},"image":{"@id":"https:\/\/www.leipzig-heymann.de\/#\/schema\/logo\/image\/"},"sameAs":["https:\/\/www.facebook.com\/ts.heymann"]}]}},"_links":{"self":[{"href":"https:\/\/www.leipzig-heymann.de\/index.php\/wp-json\/wp\/v2\/pages\/960","targetHints":{"allow":["GET"]}}],"collection":[{"href":"https:\/\/www.leipzig-heymann.de\/index.php\/wp-json\/wp\/v2\/pages"}],"about":[{"href":"https:\/\/www.leipzig-heymann.de\/index.php\/wp-json\/wp\/v2\/types\/page"}],"author":[{"embeddable":true,"href":"https:\/\/www.leipzig-heymann.de\/index.php\/wp-json\/wp\/v2\/users\/1"}],"replies":[{"embeddable":true,"href":"https:\/\/www.leipzig-heymann.de\/index.php\/wp-json\/wp\/v2\/comments?post=960"}],"version-history":[{"count":3,"href":"https:\/\/www.leipzig-heymann.de\/index.php\/wp-json\/wp\/v2\/pages\/960\/revisions"}],"predecessor-version":[{"id":963,"href":"https:\/\/www.leipzig-heymann.de\/index.php\/wp-json\/wp\/v2\/pages\/960\/revisions\/963"}],"wp:attachment":[{"href":"https:\/\/www.leipzig-heymann.de\/index.php\/wp-json\/wp\/v2\/media?parent=960"}],"curies":[{"name":"wp","href":"https:\/\/api.w.org\/{rel}","templated":true}]}}