{"id":782,"date":"2024-05-02T18:55:58","date_gmt":"2024-05-02T16:55:58","guid":{"rendered":"https:\/\/www.leipzig-heymann.de\/?page_id=782"},"modified":"2024-05-02T22:35:19","modified_gmt":"2024-05-02T20:35:19","slug":"staerkung-der-buergerbeteiligung","status":"publish","type":"page","link":"https:\/\/www.leipzig-heymann.de\/index.php\/staerkung-der-buergerbeteiligung\/","title":{"rendered":"St\u00e4rkung der B\u00fcrgerbeteiligung"},"content":{"rendered":"<p><strong>Mehr Verbindlichkeit f\u00fcr die B\u00fcrgerbeteiligung.<\/strong> Nur mit den B\u00fcrgerinnen und B\u00fcrgern gemeinsam kann man in Leipzig etwas bewegen. Zahlreiche Leipzigerinnen und Leipziger bringen Zeit und Kompetenz ein, um Leipzig attraktiver zu machen. Daf\u00fcr will man keinen Lohn und keine Medaille, sondern Anerkennung durch die reibungsarme M\u00f6glichkeit der Mitwirkung.<\/p>\n<p>Missgl\u00fcckte Aktionen, wie die Beteiligung zur \u00d6ffnung des Plei\u00dfem\u00fchlgrabens braucht es nicht mehr.<\/p>\n<p>Im Forum B\u00fcrgerstadt Leipzig wurden die wesentlichen Grundlagen daf\u00fcr gelegt.<\/p>\n","protected":false},"excerpt":{"rendered":"<p>Mehr Verbindlichkeit f\u00fcr die B\u00fcrgerbeteiligung. Nur mit den B\u00fcrgerinnen und B\u00fcrgern gemeinsam kann man in Leipzig etwas bewegen. Zahlreiche Leipzigerinnen und Leipziger bringen Zeit und Kompetenz ein, um Leipzig attraktiver zu machen. Daf\u00fcr will man keinen Lohn und keine Medaille, sondern Anerkennung durch die reibungsarme M\u00f6glichkeit der Mitwirkung. Missgl\u00fcckte Aktionen, wie die Beteiligung zur \u00d6ffnung <a class=\"more-link\" href=\"https:\/\/www.leipzig-heymann.de\/index.php\/staerkung-der-buergerbeteiligung\/\">Weiterlesen\u00a0\u2026<\/a><\/p>\n","protected":false},"author":1,"featured_media":0,"parent":0,"menu_order":0,"comment_status":"closed","ping_status":"closed","template":"","meta":{"footnotes":""},"class_list":["post-782","page","type-page","status-publish","hentry"],"yoast_head":"<!-- This site is optimized with the Yoast SEO plugin v27.6 - https:\/\/yoast.com\/product\/yoast-seo-wordpress\/ -->\n<title>St\u00e4rkung der B\u00fcrgerbeteiligung - DIE LEIPZIGER UNION<\/title>\n<meta name=\"robots\" content=\"index, follow, max-snippet:-1, max-image-preview:large, max-video-preview:-1\" \/>\n<link rel=\"canonical\" href=\"https:\/\/www.leipzig-heymann.de\/index.php\/staerkung-der-buergerbeteiligung\/\" \/>\n<meta property=\"og:locale\" content=\"de_DE\" \/>\n<meta property=\"og:type\" content=\"article\" \/>\n<meta property=\"og:title\" content=\"St\u00e4rkung der B\u00fcrgerbeteiligung - DIE LEIPZIGER UNION\" \/>\n<meta property=\"og:description\" content=\"Mehr Verbindlichkeit f\u00fcr die B\u00fcrgerbeteiligung. Nur mit den B\u00fcrgerinnen und B\u00fcrgern gemeinsam kann man in Leipzig etwas bewegen. Zahlreiche Leipzigerinnen und Leipziger bringen Zeit und Kompetenz ein, um Leipzig attraktiver zu machen. Daf\u00fcr will man keinen Lohn und keine Medaille, sondern Anerkennung durch die reibungsarme M\u00f6glichkeit der Mitwirkung. Missgl\u00fcckte Aktionen, wie die Beteiligung zur \u00d6ffnung Weiterlesen\u00a0\u2026\" \/>\n<meta property=\"og:url\" content=\"https:\/\/www.leipzig-heymann.de\/index.php\/staerkung-der-buergerbeteiligung\/\" \/>\n<meta property=\"og:site_name\" content=\"DIE LEIPZIGER UNION\" \/>\n<meta property=\"article:publisher\" content=\"https:\/\/www.facebook.com\/ts.heymann\" \/>\n<meta property=\"article:modified_time\" content=\"2024-05-02T20:35:19+00:00\" \/>\n<meta name=\"twitter:card\" content=\"summary_large_image\" \/>\n<script type=\"application\/ld+json\" class=\"yoast-schema-graph\">{\"@context\":\"https:\\\/\\\/schema.org\",\"@graph\":[{\"@type\":\"WebPage\",\"@id\":\"https:\\\/\\\/www.leipzig-heymann.de\\\/index.php\\\/staerkung-der-buergerbeteiligung\\\/\",\"url\":\"https:\\\/\\\/www.leipzig-heymann.de\\\/index.php\\\/staerkung-der-buergerbeteiligung\\\/\",\"name\":\"St\u00e4rkung der B\u00fcrgerbeteiligung - DIE LEIPZIGER UNION\",\"isPartOf\":{\"@id\":\"https:\\\/\\\/www.leipzig-heymann.de\\\/#website\"},\"datePublished\":\"2024-05-02T16:55:58+00:00\",\"dateModified\":\"2024-05-02T20:35:19+00:00\",\"breadcrumb\":{\"@id\":\"https:\\\/\\\/www.leipzig-heymann.de\\\/index.php\\\/staerkung-der-buergerbeteiligung\\\/#breadcrumb\"},\"inLanguage\":\"de\",\"potentialAction\":[{\"@type\":\"ReadAction\",\"target\":[\"https:\\\/\\\/www.leipzig-heymann.de\\\/index.php\\\/staerkung-der-buergerbeteiligung\\\/\"]}]},{\"@type\":\"BreadcrumbList\",\"@id\":\"https:\\\/\\\/www.leipzig-heymann.de\\\/index.php\\\/staerkung-der-buergerbeteiligung\\\/#breadcrumb\",\"itemListElement\":[{\"@type\":\"ListItem\",\"position\":1,\"name\":\"Startseite\",\"item\":\"https:\\\/\\\/www.leipzig-heymann.de\\\/index.php\\\/home\\\/\"},{\"@type\":\"ListItem\",\"position\":2,\"name\":\"St\u00e4rkung der B\u00fcrgerbeteiligung\"}]},{\"@type\":\"WebSite\",\"@id\":\"https:\\\/\\\/www.leipzig-heymann.de\\\/#website\",\"url\":\"https:\\\/\\\/www.leipzig-heymann.de\\\/\",\"name\":\"DIE LEIPZIGER UNION\",\"description\":\"Christlich Demokratische Union Deutschlands \",\"publisher\":{\"@id\":\"https:\\\/\\\/www.leipzig-heymann.de\\\/#organization\"},\"potentialAction\":[{\"@type\":\"SearchAction\",\"target\":{\"@type\":\"EntryPoint\",\"urlTemplate\":\"https:\\\/\\\/www.leipzig-heymann.de\\\/?s={search_term_string}\"},\"query-input\":{\"@type\":\"PropertyValueSpecification\",\"valueRequired\":true,\"valueName\":\"search_term_string\"}}],\"inLanguage\":\"de\"},{\"@type\":\"Organization\",\"@id\":\"https:\\\/\\\/www.leipzig-heymann.de\\\/#organization\",\"name\":\"DIE LEIPZIGER UNION\",\"url\":\"https:\\\/\\\/www.leipzig-heymann.de\\\/\",\"logo\":{\"@type\":\"ImageObject\",\"inLanguage\":\"de\",\"@id\":\"https:\\\/\\\/www.leipzig-heymann.de\\\/#\\\/schema\\\/logo\\\/image\\\/\",\"url\":\"https:\\\/\\\/www.leipzig-heymann.de\\\/wp-content\\\/uploads\\\/2024\\\/05\\\/CDU-Logo.jpg\",\"contentUrl\":\"https:\\\/\\\/www.leipzig-heymann.de\\\/wp-content\\\/uploads\\\/2024\\\/05\\\/CDU-Logo.jpg\",\"width\":512,\"height\":250,\"caption\":\"DIE LEIPZIGER UNION\"},\"image\":{\"@id\":\"https:\\\/\\\/www.leipzig-heymann.de\\\/#\\\/schema\\\/logo\\\/image\\\/\"},\"sameAs\":[\"https:\\\/\\\/www.facebook.com\\\/ts.heymann\"]}]}<\/script>\n<!-- \/ Yoast SEO plugin. -->","yoast_head_json":{"title":"St\u00e4rkung der B\u00fcrgerbeteiligung - DIE LEIPZIGER UNION","robots":{"index":"index","follow":"follow","max-snippet":"max-snippet:-1","max-image-preview":"max-image-preview:large","max-video-preview":"max-video-preview:-1"},"canonical":"https:\/\/www.leipzig-heymann.de\/index.php\/staerkung-der-buergerbeteiligung\/","og_locale":"de_DE","og_type":"article","og_title":"St\u00e4rkung der B\u00fcrgerbeteiligung - DIE LEIPZIGER UNION","og_description":"Mehr Verbindlichkeit f\u00fcr die B\u00fcrgerbeteiligung. Nur mit den B\u00fcrgerinnen und B\u00fcrgern gemeinsam kann man in Leipzig etwas bewegen. Zahlreiche Leipzigerinnen und Leipziger bringen Zeit und Kompetenz ein, um Leipzig attraktiver zu machen. Daf\u00fcr will man keinen Lohn und keine Medaille, sondern Anerkennung durch die reibungsarme M\u00f6glichkeit der Mitwirkung. Missgl\u00fcckte Aktionen, wie die Beteiligung zur \u00d6ffnung Weiterlesen\u00a0\u2026","og_url":"https:\/\/www.leipzig-heymann.de\/index.php\/staerkung-der-buergerbeteiligung\/","og_site_name":"DIE LEIPZIGER UNION","article_publisher":"https:\/\/www.facebook.com\/ts.heymann","article_modified_time":"2024-05-02T20:35:19+00:00","twitter_card":"summary_large_image","schema":{"@context":"https:\/\/schema.org","@graph":[{"@type":"WebPage","@id":"https:\/\/www.leipzig-heymann.de\/index.php\/staerkung-der-buergerbeteiligung\/","url":"https:\/\/www.leipzig-heymann.de\/index.php\/staerkung-der-buergerbeteiligung\/","name":"St\u00e4rkung der B\u00fcrgerbeteiligung - DIE LEIPZIGER UNION","isPartOf":{"@id":"https:\/\/www.leipzig-heymann.de\/#website"},"datePublished":"2024-05-02T16:55:58+00:00","dateModified":"2024-05-02T20:35:19+00:00","breadcrumb":{"@id":"https:\/\/www.leipzig-heymann.de\/index.php\/staerkung-der-buergerbeteiligung\/#breadcrumb"},"inLanguage":"de","potentialAction":[{"@type":"ReadAction","target":["https:\/\/www.leipzig-heymann.de\/index.php\/staerkung-der-buergerbeteiligung\/"]}]},{"@type":"BreadcrumbList","@id":"https:\/\/www.leipzig-heymann.de\/index.php\/staerkung-der-buergerbeteiligung\/#breadcrumb","itemListElement":[{"@type":"ListItem","position":1,"name":"Startseite","item":"https:\/\/www.leipzig-heymann.de\/index.php\/home\/"},{"@type":"ListItem","position":2,"name":"St\u00e4rkung der B\u00fcrgerbeteiligung"}]},{"@type":"WebSite","@id":"https:\/\/www.leipzig-heymann.de\/#website","url":"https:\/\/www.leipzig-heymann.de\/","name":"DIE LEIPZIGER UNION","description":"Christlich Demokratische Union Deutschlands ","publisher":{"@id":"https:\/\/www.leipzig-heymann.de\/#organization"},"potentialAction":[{"@type":"SearchAction","target":{"@type":"EntryPoint","urlTemplate":"https:\/\/www.leipzig-heymann.de\/?s={search_term_string}"},"query-input":{"@type":"PropertyValueSpecification","valueRequired":true,"valueName":"search_term_string"}}],"inLanguage":"de"},{"@type":"Organization","@id":"https:\/\/www.leipzig-heymann.de\/#organization","name":"DIE LEIPZIGER UNION","url":"https:\/\/www.leipzig-heymann.de\/","logo":{"@type":"ImageObject","inLanguage":"de","@id":"https:\/\/www.leipzig-heymann.de\/#\/schema\/logo\/image\/","url":"https:\/\/www.leipzig-heymann.de\/wp-content\/uploads\/2024\/05\/CDU-Logo.jpg","contentUrl":"https:\/\/www.leipzig-heymann.de\/wp-content\/uploads\/2024\/05\/CDU-Logo.jpg","width":512,"height":250,"caption":"DIE LEIPZIGER UNION"},"image":{"@id":"https:\/\/www.leipzig-heymann.de\/#\/schema\/logo\/image\/"},"sameAs":["https:\/\/www.facebook.com\/ts.heymann"]}]}},"_links":{"self":[{"href":"https:\/\/www.leipzig-heymann.de\/index.php\/wp-json\/wp\/v2\/pages\/782","targetHints":{"allow":["GET"]}}],"collection":[{"href":"https:\/\/www.leipzig-heymann.de\/index.php\/wp-json\/wp\/v2\/pages"}],"about":[{"href":"https:\/\/www.leipzig-heymann.de\/index.php\/wp-json\/wp\/v2\/types\/page"}],"author":[{"embeddable":true,"href":"https:\/\/www.leipzig-heymann.de\/index.php\/wp-json\/wp\/v2\/users\/1"}],"replies":[{"embeddable":true,"href":"https:\/\/www.leipzig-heymann.de\/index.php\/wp-json\/wp\/v2\/comments?post=782"}],"version-history":[{"count":2,"href":"https:\/\/www.leipzig-heymann.de\/index.php\/wp-json\/wp\/v2\/pages\/782\/revisions"}],"predecessor-version":[{"id":914,"href":"https:\/\/www.leipzig-heymann.de\/index.php\/wp-json\/wp\/v2\/pages\/782\/revisions\/914"}],"wp:attachment":[{"href":"https:\/\/www.leipzig-heymann.de\/index.php\/wp-json\/wp\/v2\/media?parent=782"}],"curies":[{"name":"wp","href":"https:\/\/api.w.org\/{rel}","templated":true}]}}