{"id":778,"date":"2024-05-02T18:55:27","date_gmt":"2024-05-02T16:55:27","guid":{"rendered":"https:\/\/www.leipzig-heymann.de\/?page_id=778"},"modified":"2024-05-07T00:06:26","modified_gmt":"2024-05-06T22:06:26","slug":"staerken-des-mittelstandes-durch-staedtebauliche-offenheit","status":"publish","type":"page","link":"https:\/\/www.leipzig-heymann.de\/index.php\/staerken-des-mittelstandes-durch-staedtebauliche-offenheit\/","title":{"rendered":"St\u00e4rken des Mittelstandes durch st\u00e4dtebauliche Offenheit"},"content":{"rendered":"<p><a  href=\"https:\/\/www.leipzig-heymann.de\/wp-content\/uploads\/2024\/05\/Mittelstand.jpg\" data-rel=\"lightbox-gallery-0\" data-rl_title=\"Mittelstand\" data-rl_caption=\"\" title=\"Mittelstand\"><img loading=\"lazy\" decoding=\"async\" class=\"alignleft wp-image-906 size-full\" src=\"https:\/\/www.leipzig-heymann.de\/wp-content\/uploads\/2024\/05\/Mittelstand.jpg\" alt=\"\" width=\"288\" height=\"192\" \/><\/a>Die Wirtschaftskraft einer Stadt kann auf den F\u00fc\u00dfen weniger gro\u00dfer Unternehmen stehen. Doch werden, insbesondere in Krisensituationen, diese schnell zu t\u00f6nernen F\u00fc\u00dfen. Auch hier ist <strong>Vielfalt im Mittelstand und durch Kleinunternehmen<\/strong> ein Garant f\u00fcr wirtschaftliche Stabilit\u00e4t einer Stadt. Dies gilt auch f\u00fcr die H\u00e4ndler der Innenstadt. Trotz der avisierten Gro\u00dfprojekte muss es gelingen, individuellen und regional typischen Handelsstrukturen Raum zu geben. Die <strong>Markthalle am Leuschnerplatz<\/strong> kann dazu ein gutes Instrument sein.<\/p>\n","protected":false},"excerpt":{"rendered":"<p>Die Wirtschaftskraft einer Stadt kann auf den F\u00fc\u00dfen weniger gro\u00dfer Unternehmen stehen. Doch werden, insbesondere in Krisensituationen, diese schnell zu t\u00f6nernen F\u00fc\u00dfen. Auch hier ist Vielfalt im Mittelstand und durch Kleinunternehmen ein Garant f\u00fcr wirtschaftliche Stabilit\u00e4t einer Stadt. Dies gilt auch f\u00fcr die H\u00e4ndler der Innenstadt. Trotz der avisierten Gro\u00dfprojekte muss es gelingen, individuellen und <a class=\"more-link\" href=\"https:\/\/www.leipzig-heymann.de\/index.php\/staerken-des-mittelstandes-durch-staedtebauliche-offenheit\/\">Weiterlesen\u00a0\u2026<\/a><\/p>\n","protected":false},"author":1,"featured_media":0,"parent":0,"menu_order":0,"comment_status":"closed","ping_status":"closed","template":"","meta":{"footnotes":""},"class_list":["post-778","page","type-page","status-publish","hentry"],"yoast_head":"<!-- This site is optimized with the Yoast SEO plugin v27.3 - https:\/\/yoast.com\/product\/yoast-seo-wordpress\/ -->\n<title>St\u00e4rken des Mittelstandes durch st\u00e4dtebauliche Offenheit - DIE LEIPZIGER UNION<\/title>\n<meta name=\"robots\" content=\"index, follow, max-snippet:-1, max-image-preview:large, max-video-preview:-1\" \/>\n<link rel=\"canonical\" href=\"https:\/\/www.leipzig-heymann.de\/index.php\/staerken-des-mittelstandes-durch-staedtebauliche-offenheit\/\" \/>\n<meta property=\"og:locale\" content=\"de_DE\" \/>\n<meta property=\"og:type\" content=\"article\" \/>\n<meta property=\"og:title\" content=\"St\u00e4rken des Mittelstandes durch st\u00e4dtebauliche Offenheit - DIE LEIPZIGER UNION\" \/>\n<meta property=\"og:description\" content=\"Die Wirtschaftskraft einer Stadt kann auf den F\u00fc\u00dfen weniger gro\u00dfer Unternehmen stehen. Doch werden, insbesondere in Krisensituationen, diese schnell zu t\u00f6nernen F\u00fc\u00dfen. Auch hier ist Vielfalt im Mittelstand und durch Kleinunternehmen ein Garant f\u00fcr wirtschaftliche Stabilit\u00e4t einer Stadt. Dies gilt auch f\u00fcr die H\u00e4ndler der Innenstadt. Trotz der avisierten Gro\u00dfprojekte muss es gelingen, individuellen und Weiterlesen\u00a0\u2026\" \/>\n<meta property=\"og:url\" content=\"https:\/\/www.leipzig-heymann.de\/index.php\/staerken-des-mittelstandes-durch-staedtebauliche-offenheit\/\" \/>\n<meta property=\"og:site_name\" content=\"DIE LEIPZIGER UNION\" \/>\n<meta property=\"article:publisher\" content=\"https:\/\/www.facebook.com\/ts.heymann\" \/>\n<meta property=\"article:modified_time\" content=\"2024-05-06T22:06:26+00:00\" \/>\n<meta name=\"twitter:card\" content=\"summary_large_image\" \/>\n<script type=\"application\/ld+json\" class=\"yoast-schema-graph\">{\"@context\":\"https:\\\/\\\/schema.org\",\"@graph\":[{\"@type\":\"WebPage\",\"@id\":\"https:\\\/\\\/www.leipzig-heymann.de\\\/index.php\\\/staerken-des-mittelstandes-durch-staedtebauliche-offenheit\\\/\",\"url\":\"https:\\\/\\\/www.leipzig-heymann.de\\\/index.php\\\/staerken-des-mittelstandes-durch-staedtebauliche-offenheit\\\/\",\"name\":\"St\u00e4rken des Mittelstandes durch st\u00e4dtebauliche Offenheit - DIE LEIPZIGER UNION\",\"isPartOf\":{\"@id\":\"https:\\\/\\\/www.leipzig-heymann.de\\\/#website\"},\"primaryImageOfPage\":{\"@id\":\"https:\\\/\\\/www.leipzig-heymann.de\\\/index.php\\\/staerken-des-mittelstandes-durch-staedtebauliche-offenheit\\\/#primaryimage\"},\"image\":{\"@id\":\"https:\\\/\\\/www.leipzig-heymann.de\\\/index.php\\\/staerken-des-mittelstandes-durch-staedtebauliche-offenheit\\\/#primaryimage\"},\"thumbnailUrl\":\"https:\\\/\\\/www.leipzig-heymann.de\\\/wp-content\\\/uploads\\\/2024\\\/05\\\/Mittelstand.jpg\",\"datePublished\":\"2024-05-02T16:55:27+00:00\",\"dateModified\":\"2024-05-06T22:06:26+00:00\",\"breadcrumb\":{\"@id\":\"https:\\\/\\\/www.leipzig-heymann.de\\\/index.php\\\/staerken-des-mittelstandes-durch-staedtebauliche-offenheit\\\/#breadcrumb\"},\"inLanguage\":\"de\",\"potentialAction\":[{\"@type\":\"ReadAction\",\"target\":[\"https:\\\/\\\/www.leipzig-heymann.de\\\/index.php\\\/staerken-des-mittelstandes-durch-staedtebauliche-offenheit\\\/\"]}]},{\"@type\":\"ImageObject\",\"inLanguage\":\"de\",\"@id\":\"https:\\\/\\\/www.leipzig-heymann.de\\\/index.php\\\/staerken-des-mittelstandes-durch-staedtebauliche-offenheit\\\/#primaryimage\",\"url\":\"https:\\\/\\\/www.leipzig-heymann.de\\\/wp-content\\\/uploads\\\/2024\\\/05\\\/Mittelstand.jpg\",\"contentUrl\":\"https:\\\/\\\/www.leipzig-heymann.de\\\/wp-content\\\/uploads\\\/2024\\\/05\\\/Mittelstand.jpg\",\"width\":288,\"height\":192},{\"@type\":\"BreadcrumbList\",\"@id\":\"https:\\\/\\\/www.leipzig-heymann.de\\\/index.php\\\/staerken-des-mittelstandes-durch-staedtebauliche-offenheit\\\/#breadcrumb\",\"itemListElement\":[{\"@type\":\"ListItem\",\"position\":1,\"name\":\"Startseite\",\"item\":\"https:\\\/\\\/www.leipzig-heymann.de\\\/index.php\\\/home\\\/\"},{\"@type\":\"ListItem\",\"position\":2,\"name\":\"St\u00e4rken des Mittelstandes durch st\u00e4dtebauliche Offenheit\"}]},{\"@type\":\"WebSite\",\"@id\":\"https:\\\/\\\/www.leipzig-heymann.de\\\/#website\",\"url\":\"https:\\\/\\\/www.leipzig-heymann.de\\\/\",\"name\":\"DIE LEIPZIGER UNION\",\"description\":\"Christlich Demokratische Union Deutschlands \",\"publisher\":{\"@id\":\"https:\\\/\\\/www.leipzig-heymann.de\\\/#organization\"},\"potentialAction\":[{\"@type\":\"SearchAction\",\"target\":{\"@type\":\"EntryPoint\",\"urlTemplate\":\"https:\\\/\\\/www.leipzig-heymann.de\\\/?s={search_term_string}\"},\"query-input\":{\"@type\":\"PropertyValueSpecification\",\"valueRequired\":true,\"valueName\":\"search_term_string\"}}],\"inLanguage\":\"de\"},{\"@type\":\"Organization\",\"@id\":\"https:\\\/\\\/www.leipzig-heymann.de\\\/#organization\",\"name\":\"DIE LEIPZIGER UNION\",\"url\":\"https:\\\/\\\/www.leipzig-heymann.de\\\/\",\"logo\":{\"@type\":\"ImageObject\",\"inLanguage\":\"de\",\"@id\":\"https:\\\/\\\/www.leipzig-heymann.de\\\/#\\\/schema\\\/logo\\\/image\\\/\",\"url\":\"https:\\\/\\\/www.leipzig-heymann.de\\\/wp-content\\\/uploads\\\/2024\\\/05\\\/CDU-Logo.jpg\",\"contentUrl\":\"https:\\\/\\\/www.leipzig-heymann.de\\\/wp-content\\\/uploads\\\/2024\\\/05\\\/CDU-Logo.jpg\",\"width\":512,\"height\":250,\"caption\":\"DIE LEIPZIGER UNION\"},\"image\":{\"@id\":\"https:\\\/\\\/www.leipzig-heymann.de\\\/#\\\/schema\\\/logo\\\/image\\\/\"},\"sameAs\":[\"https:\\\/\\\/www.facebook.com\\\/ts.heymann\"]}]}<\/script>\n<!-- \/ Yoast SEO plugin. -->","yoast_head_json":{"title":"St\u00e4rken des Mittelstandes durch st\u00e4dtebauliche Offenheit - DIE LEIPZIGER UNION","robots":{"index":"index","follow":"follow","max-snippet":"max-snippet:-1","max-image-preview":"max-image-preview:large","max-video-preview":"max-video-preview:-1"},"canonical":"https:\/\/www.leipzig-heymann.de\/index.php\/staerken-des-mittelstandes-durch-staedtebauliche-offenheit\/","og_locale":"de_DE","og_type":"article","og_title":"St\u00e4rken des Mittelstandes durch st\u00e4dtebauliche Offenheit - DIE LEIPZIGER UNION","og_description":"Die Wirtschaftskraft einer Stadt kann auf den F\u00fc\u00dfen weniger gro\u00dfer Unternehmen stehen. Doch werden, insbesondere in Krisensituationen, diese schnell zu t\u00f6nernen F\u00fc\u00dfen. Auch hier ist Vielfalt im Mittelstand und durch Kleinunternehmen ein Garant f\u00fcr wirtschaftliche Stabilit\u00e4t einer Stadt. Dies gilt auch f\u00fcr die H\u00e4ndler der Innenstadt. Trotz der avisierten Gro\u00dfprojekte muss es gelingen, individuellen und Weiterlesen\u00a0\u2026","og_url":"https:\/\/www.leipzig-heymann.de\/index.php\/staerken-des-mittelstandes-durch-staedtebauliche-offenheit\/","og_site_name":"DIE LEIPZIGER UNION","article_publisher":"https:\/\/www.facebook.com\/ts.heymann","article_modified_time":"2024-05-06T22:06:26+00:00","twitter_card":"summary_large_image","schema":{"@context":"https:\/\/schema.org","@graph":[{"@type":"WebPage","@id":"https:\/\/www.leipzig-heymann.de\/index.php\/staerken-des-mittelstandes-durch-staedtebauliche-offenheit\/","url":"https:\/\/www.leipzig-heymann.de\/index.php\/staerken-des-mittelstandes-durch-staedtebauliche-offenheit\/","name":"St\u00e4rken des Mittelstandes durch st\u00e4dtebauliche Offenheit - DIE LEIPZIGER UNION","isPartOf":{"@id":"https:\/\/www.leipzig-heymann.de\/#website"},"primaryImageOfPage":{"@id":"https:\/\/www.leipzig-heymann.de\/index.php\/staerken-des-mittelstandes-durch-staedtebauliche-offenheit\/#primaryimage"},"image":{"@id":"https:\/\/www.leipzig-heymann.de\/index.php\/staerken-des-mittelstandes-durch-staedtebauliche-offenheit\/#primaryimage"},"thumbnailUrl":"https:\/\/www.leipzig-heymann.de\/wp-content\/uploads\/2024\/05\/Mittelstand.jpg","datePublished":"2024-05-02T16:55:27+00:00","dateModified":"2024-05-06T22:06:26+00:00","breadcrumb":{"@id":"https:\/\/www.leipzig-heymann.de\/index.php\/staerken-des-mittelstandes-durch-staedtebauliche-offenheit\/#breadcrumb"},"inLanguage":"de","potentialAction":[{"@type":"ReadAction","target":["https:\/\/www.leipzig-heymann.de\/index.php\/staerken-des-mittelstandes-durch-staedtebauliche-offenheit\/"]}]},{"@type":"ImageObject","inLanguage":"de","@id":"https:\/\/www.leipzig-heymann.de\/index.php\/staerken-des-mittelstandes-durch-staedtebauliche-offenheit\/#primaryimage","url":"https:\/\/www.leipzig-heymann.de\/wp-content\/uploads\/2024\/05\/Mittelstand.jpg","contentUrl":"https:\/\/www.leipzig-heymann.de\/wp-content\/uploads\/2024\/05\/Mittelstand.jpg","width":288,"height":192},{"@type":"BreadcrumbList","@id":"https:\/\/www.leipzig-heymann.de\/index.php\/staerken-des-mittelstandes-durch-staedtebauliche-offenheit\/#breadcrumb","itemListElement":[{"@type":"ListItem","position":1,"name":"Startseite","item":"https:\/\/www.leipzig-heymann.de\/index.php\/home\/"},{"@type":"ListItem","position":2,"name":"St\u00e4rken des Mittelstandes durch st\u00e4dtebauliche Offenheit"}]},{"@type":"WebSite","@id":"https:\/\/www.leipzig-heymann.de\/#website","url":"https:\/\/www.leipzig-heymann.de\/","name":"DIE LEIPZIGER UNION","description":"Christlich Demokratische Union Deutschlands ","publisher":{"@id":"https:\/\/www.leipzig-heymann.de\/#organization"},"potentialAction":[{"@type":"SearchAction","target":{"@type":"EntryPoint","urlTemplate":"https:\/\/www.leipzig-heymann.de\/?s={search_term_string}"},"query-input":{"@type":"PropertyValueSpecification","valueRequired":true,"valueName":"search_term_string"}}],"inLanguage":"de"},{"@type":"Organization","@id":"https:\/\/www.leipzig-heymann.de\/#organization","name":"DIE LEIPZIGER UNION","url":"https:\/\/www.leipzig-heymann.de\/","logo":{"@type":"ImageObject","inLanguage":"de","@id":"https:\/\/www.leipzig-heymann.de\/#\/schema\/logo\/image\/","url":"https:\/\/www.leipzig-heymann.de\/wp-content\/uploads\/2024\/05\/CDU-Logo.jpg","contentUrl":"https:\/\/www.leipzig-heymann.de\/wp-content\/uploads\/2024\/05\/CDU-Logo.jpg","width":512,"height":250,"caption":"DIE LEIPZIGER UNION"},"image":{"@id":"https:\/\/www.leipzig-heymann.de\/#\/schema\/logo\/image\/"},"sameAs":["https:\/\/www.facebook.com\/ts.heymann"]}]}},"_links":{"self":[{"href":"https:\/\/www.leipzig-heymann.de\/index.php\/wp-json\/wp\/v2\/pages\/778","targetHints":{"allow":["GET"]}}],"collection":[{"href":"https:\/\/www.leipzig-heymann.de\/index.php\/wp-json\/wp\/v2\/pages"}],"about":[{"href":"https:\/\/www.leipzig-heymann.de\/index.php\/wp-json\/wp\/v2\/types\/page"}],"author":[{"embeddable":true,"href":"https:\/\/www.leipzig-heymann.de\/index.php\/wp-json\/wp\/v2\/users\/1"}],"replies":[{"embeddable":true,"href":"https:\/\/www.leipzig-heymann.de\/index.php\/wp-json\/wp\/v2\/comments?post=778"}],"version-history":[{"count":4,"href":"https:\/\/www.leipzig-heymann.de\/index.php\/wp-json\/wp\/v2\/pages\/778\/revisions"}],"predecessor-version":[{"id":953,"href":"https:\/\/www.leipzig-heymann.de\/index.php\/wp-json\/wp\/v2\/pages\/778\/revisions\/953"}],"wp:attachment":[{"href":"https:\/\/www.leipzig-heymann.de\/index.php\/wp-json\/wp\/v2\/media?parent=778"}],"curies":[{"name":"wp","href":"https:\/\/api.w.org\/{rel}","templated":true}]}}