{"id":774,"date":"2024-05-02T18:54:59","date_gmt":"2024-05-02T16:54:59","guid":{"rendered":"https:\/\/www.leipzig-heymann.de\/?page_id=774"},"modified":"2024-05-07T00:04:45","modified_gmt":"2024-05-06T22:04:45","slug":"sauberkeit-und-sicherheit","status":"publish","type":"page","link":"https:\/\/www.leipzig-heymann.de\/index.php\/sauberkeit-und-sicherheit\/","title":{"rendered":"Sauberkeit und Sicherheit"},"content":{"rendered":"<p data-wp-editing=\"1\"><a  href=\"https:\/\/www.leipzig-heymann.de\/wp-content\/uploads\/2024\/05\/Sauberkeit-Sicherheit.jpg\" data-rel=\"lightbox-gallery-0\" data-rl_title=\"Sauberkeit Sicherheit\" data-rl_caption=\"\" title=\"Sauberkeit Sicherheit\"><img loading=\"lazy\" decoding=\"async\" class=\"alignleft wp-image-902 size-medium\" src=\"https:\/\/www.leipzig-heymann.de\/wp-content\/uploads\/2024\/05\/Sauberkeit-Sicherheit-200x300.jpg\" alt=\"\" width=\"200\" height=\"300\" srcset=\"https:\/\/www.leipzig-heymann.de\/wp-content\/uploads\/2024\/05\/Sauberkeit-Sicherheit-200x300.jpg 200w, https:\/\/www.leipzig-heymann.de\/wp-content\/uploads\/2024\/05\/Sauberkeit-Sicherheit.jpg 394w\" sizes=\"auto, (max-width: 200px) 100vw, 200px\" \/><\/a>Leipzigs Innenstadt hat eine hohe Aufenthaltsqualit\u00e4t, leider auch f\u00fcr G\u00e4ste und B\u00fcrger, die es mit <strong>Sauberkeit und der Sicherheit<\/strong> anderer nicht genau nehmen. F\u00fcr Sicherheit, auch in den dunklen und noch nicht sanierten Ecken der Stadt, f\u00fcr Sauberkeit in unseren Parkanlagen trete ich ein.<\/p>\n<p>In Leipzigs Parks braucht es mehr Licht. F\u00fcr den Haushalt 2019\/2020 hat die CDU-Fraktion mit Erfolg Mittel f\u00fcr die Beleuchtung von Wegen, im Rosental und am Schwanenteich beantragt. Die Umsetzung werden wir verfolgen.<\/p>\n<p>Auch habe ich das Projekt &#8222;Nette Toilette&#8220; gemeinsam mit anderen Stradtr\u00e4ten aus dem Wahlkreis 0 f\u00fcr den Clara-Zetkin-Park angeschoben. Doch leider bis zum heutigen Tag hat die Verwaltung keinen Weg gefunden dies auch umzusetzen. Es droht an Zust\u00e4ndigkeitsproblemen zu scheitern. Ich werde aber nicht nachlassen.<\/p>\n","protected":false},"excerpt":{"rendered":"<p>Leipzigs Innenstadt hat eine hohe Aufenthaltsqualit\u00e4t, leider auch f\u00fcr G\u00e4ste und B\u00fcrger, die es mit Sauberkeit und der Sicherheit anderer nicht genau nehmen. F\u00fcr Sicherheit, auch in den dunklen und noch nicht sanierten Ecken der Stadt, f\u00fcr Sauberkeit in unseren Parkanlagen trete ich ein. In Leipzigs Parks braucht es mehr Licht. F\u00fcr den Haushalt 2019\/2020 <a class=\"more-link\" href=\"https:\/\/www.leipzig-heymann.de\/index.php\/sauberkeit-und-sicherheit\/\">Weiterlesen\u00a0\u2026<\/a><\/p>\n","protected":false},"author":1,"featured_media":0,"parent":0,"menu_order":0,"comment_status":"closed","ping_status":"closed","template":"","meta":{"footnotes":""},"class_list":["post-774","page","type-page","status-publish","hentry"],"yoast_head":"<!-- This site is optimized with the Yoast SEO plugin v27.5 - https:\/\/yoast.com\/product\/yoast-seo-wordpress\/ -->\n<title>Sauberkeit und Sicherheit - DIE LEIPZIGER UNION<\/title>\n<meta name=\"robots\" content=\"index, follow, max-snippet:-1, max-image-preview:large, max-video-preview:-1\" \/>\n<link rel=\"canonical\" href=\"https:\/\/www.leipzig-heymann.de\/index.php\/sauberkeit-und-sicherheit\/\" \/>\n<meta property=\"og:locale\" content=\"de_DE\" \/>\n<meta property=\"og:type\" content=\"article\" \/>\n<meta property=\"og:title\" content=\"Sauberkeit und Sicherheit - DIE LEIPZIGER UNION\" \/>\n<meta property=\"og:description\" content=\"Leipzigs Innenstadt hat eine hohe Aufenthaltsqualit\u00e4t, leider auch f\u00fcr G\u00e4ste und B\u00fcrger, die es mit Sauberkeit und der Sicherheit anderer nicht genau nehmen. F\u00fcr Sicherheit, auch in den dunklen und noch nicht sanierten Ecken der Stadt, f\u00fcr Sauberkeit in unseren Parkanlagen trete ich ein. In Leipzigs Parks braucht es mehr Licht. F\u00fcr den Haushalt 2019\/2020 Weiterlesen\u00a0\u2026\" \/>\n<meta property=\"og:url\" content=\"https:\/\/www.leipzig-heymann.de\/index.php\/sauberkeit-und-sicherheit\/\" \/>\n<meta property=\"og:site_name\" content=\"DIE LEIPZIGER UNION\" \/>\n<meta property=\"article:publisher\" content=\"https:\/\/www.facebook.com\/ts.heymann\" \/>\n<meta property=\"article:modified_time\" content=\"2024-05-06T22:04:45+00:00\" \/>\n<meta name=\"twitter:card\" content=\"summary_large_image\" \/>\n<script type=\"application\/ld+json\" class=\"yoast-schema-graph\">{\"@context\":\"https:\\\/\\\/schema.org\",\"@graph\":[{\"@type\":\"WebPage\",\"@id\":\"https:\\\/\\\/www.leipzig-heymann.de\\\/index.php\\\/sauberkeit-und-sicherheit\\\/\",\"url\":\"https:\\\/\\\/www.leipzig-heymann.de\\\/index.php\\\/sauberkeit-und-sicherheit\\\/\",\"name\":\"Sauberkeit und Sicherheit - DIE LEIPZIGER UNION\",\"isPartOf\":{\"@id\":\"https:\\\/\\\/www.leipzig-heymann.de\\\/#website\"},\"primaryImageOfPage\":{\"@id\":\"https:\\\/\\\/www.leipzig-heymann.de\\\/index.php\\\/sauberkeit-und-sicherheit\\\/#primaryimage\"},\"image\":{\"@id\":\"https:\\\/\\\/www.leipzig-heymann.de\\\/index.php\\\/sauberkeit-und-sicherheit\\\/#primaryimage\"},\"thumbnailUrl\":\"https:\\\/\\\/www.leipzig-heymann.de\\\/wp-content\\\/uploads\\\/2024\\\/05\\\/Sauberkeit-Sicherheit-200x300.jpg\",\"datePublished\":\"2024-05-02T16:54:59+00:00\",\"dateModified\":\"2024-05-06T22:04:45+00:00\",\"breadcrumb\":{\"@id\":\"https:\\\/\\\/www.leipzig-heymann.de\\\/index.php\\\/sauberkeit-und-sicherheit\\\/#breadcrumb\"},\"inLanguage\":\"de\",\"potentialAction\":[{\"@type\":\"ReadAction\",\"target\":[\"https:\\\/\\\/www.leipzig-heymann.de\\\/index.php\\\/sauberkeit-und-sicherheit\\\/\"]}]},{\"@type\":\"ImageObject\",\"inLanguage\":\"de\",\"@id\":\"https:\\\/\\\/www.leipzig-heymann.de\\\/index.php\\\/sauberkeit-und-sicherheit\\\/#primaryimage\",\"url\":\"https:\\\/\\\/www.leipzig-heymann.de\\\/wp-content\\\/uploads\\\/2024\\\/05\\\/Sauberkeit-Sicherheit.jpg\",\"contentUrl\":\"https:\\\/\\\/www.leipzig-heymann.de\\\/wp-content\\\/uploads\\\/2024\\\/05\\\/Sauberkeit-Sicherheit.jpg\",\"width\":394,\"height\":591},{\"@type\":\"BreadcrumbList\",\"@id\":\"https:\\\/\\\/www.leipzig-heymann.de\\\/index.php\\\/sauberkeit-und-sicherheit\\\/#breadcrumb\",\"itemListElement\":[{\"@type\":\"ListItem\",\"position\":1,\"name\":\"Startseite\",\"item\":\"https:\\\/\\\/www.leipzig-heymann.de\\\/index.php\\\/home\\\/\"},{\"@type\":\"ListItem\",\"position\":2,\"name\":\"Sauberkeit und Sicherheit\"}]},{\"@type\":\"WebSite\",\"@id\":\"https:\\\/\\\/www.leipzig-heymann.de\\\/#website\",\"url\":\"https:\\\/\\\/www.leipzig-heymann.de\\\/\",\"name\":\"DIE LEIPZIGER UNION\",\"description\":\"Christlich Demokratische Union Deutschlands \",\"publisher\":{\"@id\":\"https:\\\/\\\/www.leipzig-heymann.de\\\/#organization\"},\"potentialAction\":[{\"@type\":\"SearchAction\",\"target\":{\"@type\":\"EntryPoint\",\"urlTemplate\":\"https:\\\/\\\/www.leipzig-heymann.de\\\/?s={search_term_string}\"},\"query-input\":{\"@type\":\"PropertyValueSpecification\",\"valueRequired\":true,\"valueName\":\"search_term_string\"}}],\"inLanguage\":\"de\"},{\"@type\":\"Organization\",\"@id\":\"https:\\\/\\\/www.leipzig-heymann.de\\\/#organization\",\"name\":\"DIE LEIPZIGER UNION\",\"url\":\"https:\\\/\\\/www.leipzig-heymann.de\\\/\",\"logo\":{\"@type\":\"ImageObject\",\"inLanguage\":\"de\",\"@id\":\"https:\\\/\\\/www.leipzig-heymann.de\\\/#\\\/schema\\\/logo\\\/image\\\/\",\"url\":\"https:\\\/\\\/www.leipzig-heymann.de\\\/wp-content\\\/uploads\\\/2024\\\/05\\\/CDU-Logo.jpg\",\"contentUrl\":\"https:\\\/\\\/www.leipzig-heymann.de\\\/wp-content\\\/uploads\\\/2024\\\/05\\\/CDU-Logo.jpg\",\"width\":512,\"height\":250,\"caption\":\"DIE LEIPZIGER UNION\"},\"image\":{\"@id\":\"https:\\\/\\\/www.leipzig-heymann.de\\\/#\\\/schema\\\/logo\\\/image\\\/\"},\"sameAs\":[\"https:\\\/\\\/www.facebook.com\\\/ts.heymann\"]}]}<\/script>\n<!-- \/ Yoast SEO plugin. -->","yoast_head_json":{"title":"Sauberkeit und Sicherheit - DIE LEIPZIGER UNION","robots":{"index":"index","follow":"follow","max-snippet":"max-snippet:-1","max-image-preview":"max-image-preview:large","max-video-preview":"max-video-preview:-1"},"canonical":"https:\/\/www.leipzig-heymann.de\/index.php\/sauberkeit-und-sicherheit\/","og_locale":"de_DE","og_type":"article","og_title":"Sauberkeit und Sicherheit - DIE LEIPZIGER UNION","og_description":"Leipzigs Innenstadt hat eine hohe Aufenthaltsqualit\u00e4t, leider auch f\u00fcr G\u00e4ste und B\u00fcrger, die es mit Sauberkeit und der Sicherheit anderer nicht genau nehmen. F\u00fcr Sicherheit, auch in den dunklen und noch nicht sanierten Ecken der Stadt, f\u00fcr Sauberkeit in unseren Parkanlagen trete ich ein. In Leipzigs Parks braucht es mehr Licht. F\u00fcr den Haushalt 2019\/2020 Weiterlesen\u00a0\u2026","og_url":"https:\/\/www.leipzig-heymann.de\/index.php\/sauberkeit-und-sicherheit\/","og_site_name":"DIE LEIPZIGER UNION","article_publisher":"https:\/\/www.facebook.com\/ts.heymann","article_modified_time":"2024-05-06T22:04:45+00:00","twitter_card":"summary_large_image","schema":{"@context":"https:\/\/schema.org","@graph":[{"@type":"WebPage","@id":"https:\/\/www.leipzig-heymann.de\/index.php\/sauberkeit-und-sicherheit\/","url":"https:\/\/www.leipzig-heymann.de\/index.php\/sauberkeit-und-sicherheit\/","name":"Sauberkeit und Sicherheit - DIE LEIPZIGER UNION","isPartOf":{"@id":"https:\/\/www.leipzig-heymann.de\/#website"},"primaryImageOfPage":{"@id":"https:\/\/www.leipzig-heymann.de\/index.php\/sauberkeit-und-sicherheit\/#primaryimage"},"image":{"@id":"https:\/\/www.leipzig-heymann.de\/index.php\/sauberkeit-und-sicherheit\/#primaryimage"},"thumbnailUrl":"https:\/\/www.leipzig-heymann.de\/wp-content\/uploads\/2024\/05\/Sauberkeit-Sicherheit-200x300.jpg","datePublished":"2024-05-02T16:54:59+00:00","dateModified":"2024-05-06T22:04:45+00:00","breadcrumb":{"@id":"https:\/\/www.leipzig-heymann.de\/index.php\/sauberkeit-und-sicherheit\/#breadcrumb"},"inLanguage":"de","potentialAction":[{"@type":"ReadAction","target":["https:\/\/www.leipzig-heymann.de\/index.php\/sauberkeit-und-sicherheit\/"]}]},{"@type":"ImageObject","inLanguage":"de","@id":"https:\/\/www.leipzig-heymann.de\/index.php\/sauberkeit-und-sicherheit\/#primaryimage","url":"https:\/\/www.leipzig-heymann.de\/wp-content\/uploads\/2024\/05\/Sauberkeit-Sicherheit.jpg","contentUrl":"https:\/\/www.leipzig-heymann.de\/wp-content\/uploads\/2024\/05\/Sauberkeit-Sicherheit.jpg","width":394,"height":591},{"@type":"BreadcrumbList","@id":"https:\/\/www.leipzig-heymann.de\/index.php\/sauberkeit-und-sicherheit\/#breadcrumb","itemListElement":[{"@type":"ListItem","position":1,"name":"Startseite","item":"https:\/\/www.leipzig-heymann.de\/index.php\/home\/"},{"@type":"ListItem","position":2,"name":"Sauberkeit und Sicherheit"}]},{"@type":"WebSite","@id":"https:\/\/www.leipzig-heymann.de\/#website","url":"https:\/\/www.leipzig-heymann.de\/","name":"DIE LEIPZIGER UNION","description":"Christlich Demokratische Union Deutschlands ","publisher":{"@id":"https:\/\/www.leipzig-heymann.de\/#organization"},"potentialAction":[{"@type":"SearchAction","target":{"@type":"EntryPoint","urlTemplate":"https:\/\/www.leipzig-heymann.de\/?s={search_term_string}"},"query-input":{"@type":"PropertyValueSpecification","valueRequired":true,"valueName":"search_term_string"}}],"inLanguage":"de"},{"@type":"Organization","@id":"https:\/\/www.leipzig-heymann.de\/#organization","name":"DIE LEIPZIGER UNION","url":"https:\/\/www.leipzig-heymann.de\/","logo":{"@type":"ImageObject","inLanguage":"de","@id":"https:\/\/www.leipzig-heymann.de\/#\/schema\/logo\/image\/","url":"https:\/\/www.leipzig-heymann.de\/wp-content\/uploads\/2024\/05\/CDU-Logo.jpg","contentUrl":"https:\/\/www.leipzig-heymann.de\/wp-content\/uploads\/2024\/05\/CDU-Logo.jpg","width":512,"height":250,"caption":"DIE LEIPZIGER UNION"},"image":{"@id":"https:\/\/www.leipzig-heymann.de\/#\/schema\/logo\/image\/"},"sameAs":["https:\/\/www.facebook.com\/ts.heymann"]}]}},"_links":{"self":[{"href":"https:\/\/www.leipzig-heymann.de\/index.php\/wp-json\/wp\/v2\/pages\/774","targetHints":{"allow":["GET"]}}],"collection":[{"href":"https:\/\/www.leipzig-heymann.de\/index.php\/wp-json\/wp\/v2\/pages"}],"about":[{"href":"https:\/\/www.leipzig-heymann.de\/index.php\/wp-json\/wp\/v2\/types\/page"}],"author":[{"embeddable":true,"href":"https:\/\/www.leipzig-heymann.de\/index.php\/wp-json\/wp\/v2\/users\/1"}],"replies":[{"embeddable":true,"href":"https:\/\/www.leipzig-heymann.de\/index.php\/wp-json\/wp\/v2\/comments?post=774"}],"version-history":[{"count":4,"href":"https:\/\/www.leipzig-heymann.de\/index.php\/wp-json\/wp\/v2\/pages\/774\/revisions"}],"predecessor-version":[{"id":951,"href":"https:\/\/www.leipzig-heymann.de\/index.php\/wp-json\/wp\/v2\/pages\/774\/revisions\/951"}],"wp:attachment":[{"href":"https:\/\/www.leipzig-heymann.de\/index.php\/wp-json\/wp\/v2\/media?parent=774"}],"curies":[{"name":"wp","href":"https:\/\/api.w.org\/{rel}","templated":true}]}}