{"id":772,"date":"2024-05-02T18:54:46","date_gmt":"2024-05-02T16:54:46","guid":{"rendered":"https:\/\/www.leipzig-heymann.de\/?page_id=772"},"modified":"2024-05-07T00:03:58","modified_gmt":"2024-05-06T22:03:58","slug":"leipziger-gewaesser-als-standortfaktor-und-hochwasserschutz","status":"publish","type":"page","link":"https:\/\/www.leipzig-heymann.de\/index.php\/leipziger-gewaesser-als-standortfaktor-und-hochwasserschutz\/","title":{"rendered":"Leipziger Gew\u00e4sser als Standortfaktor und Hochwasserschutz"},"content":{"rendered":"<p><a  href=\"https:\/\/www.leipzig-heymann.de\/wp-content\/uploads\/2024\/05\/Leipziger-Gewaesser.jpg\" data-rel=\"lightbox-gallery-0\" data-rl_title=\"Leipziger Gew\u00e4sser\" data-rl_caption=\"\" title=\"Leipziger Gew\u00e4sser\"><img loading=\"lazy\" decoding=\"async\" class=\"alignleft wp-image-900 size-medium\" src=\"https:\/\/www.leipzig-heymann.de\/wp-content\/uploads\/2024\/05\/Leipziger-Gewaesser-225x300.jpg\" alt=\"\" width=\"225\" height=\"300\" srcset=\"https:\/\/www.leipzig-heymann.de\/wp-content\/uploads\/2024\/05\/Leipziger-Gewaesser-225x300.jpg 225w, https:\/\/www.leipzig-heymann.de\/wp-content\/uploads\/2024\/05\/Leipziger-Gewaesser.jpg 319w\" sizes=\"auto, (max-width: 225px) 100vw, 225px\" \/><\/a>Die <strong>Gew\u00e4sser in Leipzig<\/strong> und in Leipzigs Mitte sind mir ein besonderes Anliegen. Mit der \u00d6ffnung des Plei\u00dfem\u00fchlgrabens und nun auch des Elsterm\u00fchlgrabens verbinden sich zahlreiche stadtr\u00e4umliche Qualit\u00e4ten. Besonders mit der Fertigstellung des Elsterm\u00fchlgrabens er\u00f6ffnet sich den Leipzigerinnen und Leipzigern sowie ihren G\u00e4sten die M\u00f6glichkeit, vom Stadthafen zum Lindenauer Hafen und zu den Seen im S\u00fcden von Leipzig zu per Boot zu fahren. Der Elsterm\u00fchlgraben ist aber zugleich auch Bestandteil eines <strong>integrierten Hochwasserschutz-Konzeptes<\/strong>. Zwenkauer See, Flutbett und Flutrinne der Wei\u00dfen Elster, Elsterbecken und der wieder zu errichtende Verlauf der Wei\u00dfen Elster entlang der Friedrich-Ebert-Stra\u00dfe sind Bestandteil dieses Konzeptes.<\/p>\n<p><strong>Das bedeutet aber auch, die interessierte Bev\u00f6lkerung an der Gestaltung der Gew\u00e4sser\u00f6ffnung zu beteiligen.<\/strong><\/p>\n<p>Das missgl\u00fcckte Beteiligungsverfahren zum \u00d6ffnungsabschnitt an der Hauptfeuerwache darf nicht Normalit\u00e4t werden.<\/p>\n","protected":false},"excerpt":{"rendered":"<p>Die Gew\u00e4sser in Leipzig und in Leipzigs Mitte sind mir ein besonderes Anliegen. Mit der \u00d6ffnung des Plei\u00dfem\u00fchlgrabens und nun auch des Elsterm\u00fchlgrabens verbinden sich zahlreiche stadtr\u00e4umliche Qualit\u00e4ten. Besonders mit der Fertigstellung des Elsterm\u00fchlgrabens er\u00f6ffnet sich den Leipzigerinnen und Leipzigern sowie ihren G\u00e4sten die M\u00f6glichkeit, vom Stadthafen zum Lindenauer Hafen und zu den Seen im <a class=\"more-link\" href=\"https:\/\/www.leipzig-heymann.de\/index.php\/leipziger-gewaesser-als-standortfaktor-und-hochwasserschutz\/\">Weiterlesen\u00a0\u2026<\/a><\/p>\n","protected":false},"author":1,"featured_media":0,"parent":0,"menu_order":0,"comment_status":"closed","ping_status":"closed","template":"","meta":{"footnotes":""},"class_list":["post-772","page","type-page","status-publish","hentry"],"yoast_head":"<!-- This site is optimized with the Yoast SEO plugin v27.5 - https:\/\/yoast.com\/product\/yoast-seo-wordpress\/ -->\n<title>Leipziger Gew\u00e4sser als Standortfaktor und Hochwasserschutz - DIE LEIPZIGER UNION<\/title>\n<meta name=\"robots\" content=\"index, follow, max-snippet:-1, max-image-preview:large, max-video-preview:-1\" \/>\n<link rel=\"canonical\" href=\"https:\/\/www.leipzig-heymann.de\/index.php\/leipziger-gewaesser-als-standortfaktor-und-hochwasserschutz\/\" \/>\n<meta property=\"og:locale\" content=\"de_DE\" \/>\n<meta property=\"og:type\" content=\"article\" \/>\n<meta property=\"og:title\" content=\"Leipziger Gew\u00e4sser als Standortfaktor und Hochwasserschutz - DIE LEIPZIGER UNION\" \/>\n<meta property=\"og:description\" content=\"Die Gew\u00e4sser in Leipzig und in Leipzigs Mitte sind mir ein besonderes Anliegen. Mit der \u00d6ffnung des Plei\u00dfem\u00fchlgrabens und nun auch des Elsterm\u00fchlgrabens verbinden sich zahlreiche stadtr\u00e4umliche Qualit\u00e4ten. Besonders mit der Fertigstellung des Elsterm\u00fchlgrabens er\u00f6ffnet sich den Leipzigerinnen und Leipzigern sowie ihren G\u00e4sten die M\u00f6glichkeit, vom Stadthafen zum Lindenauer Hafen und zu den Seen im Weiterlesen\u00a0\u2026\" \/>\n<meta property=\"og:url\" content=\"https:\/\/www.leipzig-heymann.de\/index.php\/leipziger-gewaesser-als-standortfaktor-und-hochwasserschutz\/\" \/>\n<meta property=\"og:site_name\" content=\"DIE LEIPZIGER UNION\" \/>\n<meta property=\"article:publisher\" content=\"https:\/\/www.facebook.com\/ts.heymann\" \/>\n<meta property=\"article:modified_time\" content=\"2024-05-06T22:03:58+00:00\" \/>\n<meta name=\"twitter:card\" content=\"summary_large_image\" \/>\n<script type=\"application\/ld+json\" class=\"yoast-schema-graph\">{\"@context\":\"https:\\\/\\\/schema.org\",\"@graph\":[{\"@type\":\"WebPage\",\"@id\":\"https:\\\/\\\/www.leipzig-heymann.de\\\/index.php\\\/leipziger-gewaesser-als-standortfaktor-und-hochwasserschutz\\\/\",\"url\":\"https:\\\/\\\/www.leipzig-heymann.de\\\/index.php\\\/leipziger-gewaesser-als-standortfaktor-und-hochwasserschutz\\\/\",\"name\":\"Leipziger Gew\u00e4sser als Standortfaktor und Hochwasserschutz - DIE LEIPZIGER UNION\",\"isPartOf\":{\"@id\":\"https:\\\/\\\/www.leipzig-heymann.de\\\/#website\"},\"primaryImageOfPage\":{\"@id\":\"https:\\\/\\\/www.leipzig-heymann.de\\\/index.php\\\/leipziger-gewaesser-als-standortfaktor-und-hochwasserschutz\\\/#primaryimage\"},\"image\":{\"@id\":\"https:\\\/\\\/www.leipzig-heymann.de\\\/index.php\\\/leipziger-gewaesser-als-standortfaktor-und-hochwasserschutz\\\/#primaryimage\"},\"thumbnailUrl\":\"https:\\\/\\\/www.leipzig-heymann.de\\\/wp-content\\\/uploads\\\/2024\\\/05\\\/Leipziger-Gewaesser-225x300.jpg\",\"datePublished\":\"2024-05-02T16:54:46+00:00\",\"dateModified\":\"2024-05-06T22:03:58+00:00\",\"breadcrumb\":{\"@id\":\"https:\\\/\\\/www.leipzig-heymann.de\\\/index.php\\\/leipziger-gewaesser-als-standortfaktor-und-hochwasserschutz\\\/#breadcrumb\"},\"inLanguage\":\"de\",\"potentialAction\":[{\"@type\":\"ReadAction\",\"target\":[\"https:\\\/\\\/www.leipzig-heymann.de\\\/index.php\\\/leipziger-gewaesser-als-standortfaktor-und-hochwasserschutz\\\/\"]}]},{\"@type\":\"ImageObject\",\"inLanguage\":\"de\",\"@id\":\"https:\\\/\\\/www.leipzig-heymann.de\\\/index.php\\\/leipziger-gewaesser-als-standortfaktor-und-hochwasserschutz\\\/#primaryimage\",\"url\":\"https:\\\/\\\/www.leipzig-heymann.de\\\/wp-content\\\/uploads\\\/2024\\\/05\\\/Leipziger-Gewaesser.jpg\",\"contentUrl\":\"https:\\\/\\\/www.leipzig-heymann.de\\\/wp-content\\\/uploads\\\/2024\\\/05\\\/Leipziger-Gewaesser.jpg\",\"width\":319,\"height\":425},{\"@type\":\"BreadcrumbList\",\"@id\":\"https:\\\/\\\/www.leipzig-heymann.de\\\/index.php\\\/leipziger-gewaesser-als-standortfaktor-und-hochwasserschutz\\\/#breadcrumb\",\"itemListElement\":[{\"@type\":\"ListItem\",\"position\":1,\"name\":\"Startseite\",\"item\":\"https:\\\/\\\/www.leipzig-heymann.de\\\/index.php\\\/home\\\/\"},{\"@type\":\"ListItem\",\"position\":2,\"name\":\"Leipziger Gew\u00e4sser als Standortfaktor und Hochwasserschutz\"}]},{\"@type\":\"WebSite\",\"@id\":\"https:\\\/\\\/www.leipzig-heymann.de\\\/#website\",\"url\":\"https:\\\/\\\/www.leipzig-heymann.de\\\/\",\"name\":\"DIE LEIPZIGER UNION\",\"description\":\"Christlich Demokratische Union Deutschlands \",\"publisher\":{\"@id\":\"https:\\\/\\\/www.leipzig-heymann.de\\\/#organization\"},\"potentialAction\":[{\"@type\":\"SearchAction\",\"target\":{\"@type\":\"EntryPoint\",\"urlTemplate\":\"https:\\\/\\\/www.leipzig-heymann.de\\\/?s={search_term_string}\"},\"query-input\":{\"@type\":\"PropertyValueSpecification\",\"valueRequired\":true,\"valueName\":\"search_term_string\"}}],\"inLanguage\":\"de\"},{\"@type\":\"Organization\",\"@id\":\"https:\\\/\\\/www.leipzig-heymann.de\\\/#organization\",\"name\":\"DIE LEIPZIGER UNION\",\"url\":\"https:\\\/\\\/www.leipzig-heymann.de\\\/\",\"logo\":{\"@type\":\"ImageObject\",\"inLanguage\":\"de\",\"@id\":\"https:\\\/\\\/www.leipzig-heymann.de\\\/#\\\/schema\\\/logo\\\/image\\\/\",\"url\":\"https:\\\/\\\/www.leipzig-heymann.de\\\/wp-content\\\/uploads\\\/2024\\\/05\\\/CDU-Logo.jpg\",\"contentUrl\":\"https:\\\/\\\/www.leipzig-heymann.de\\\/wp-content\\\/uploads\\\/2024\\\/05\\\/CDU-Logo.jpg\",\"width\":512,\"height\":250,\"caption\":\"DIE LEIPZIGER UNION\"},\"image\":{\"@id\":\"https:\\\/\\\/www.leipzig-heymann.de\\\/#\\\/schema\\\/logo\\\/image\\\/\"},\"sameAs\":[\"https:\\\/\\\/www.facebook.com\\\/ts.heymann\"]}]}<\/script>\n<!-- \/ Yoast SEO plugin. -->","yoast_head_json":{"title":"Leipziger Gew\u00e4sser als Standortfaktor und Hochwasserschutz - DIE LEIPZIGER UNION","robots":{"index":"index","follow":"follow","max-snippet":"max-snippet:-1","max-image-preview":"max-image-preview:large","max-video-preview":"max-video-preview:-1"},"canonical":"https:\/\/www.leipzig-heymann.de\/index.php\/leipziger-gewaesser-als-standortfaktor-und-hochwasserschutz\/","og_locale":"de_DE","og_type":"article","og_title":"Leipziger Gew\u00e4sser als Standortfaktor und Hochwasserschutz - DIE LEIPZIGER UNION","og_description":"Die Gew\u00e4sser in Leipzig und in Leipzigs Mitte sind mir ein besonderes Anliegen. Mit der \u00d6ffnung des Plei\u00dfem\u00fchlgrabens und nun auch des Elsterm\u00fchlgrabens verbinden sich zahlreiche stadtr\u00e4umliche Qualit\u00e4ten. Besonders mit der Fertigstellung des Elsterm\u00fchlgrabens er\u00f6ffnet sich den Leipzigerinnen und Leipzigern sowie ihren G\u00e4sten die M\u00f6glichkeit, vom Stadthafen zum Lindenauer Hafen und zu den Seen im Weiterlesen\u00a0\u2026","og_url":"https:\/\/www.leipzig-heymann.de\/index.php\/leipziger-gewaesser-als-standortfaktor-und-hochwasserschutz\/","og_site_name":"DIE LEIPZIGER UNION","article_publisher":"https:\/\/www.facebook.com\/ts.heymann","article_modified_time":"2024-05-06T22:03:58+00:00","twitter_card":"summary_large_image","schema":{"@context":"https:\/\/schema.org","@graph":[{"@type":"WebPage","@id":"https:\/\/www.leipzig-heymann.de\/index.php\/leipziger-gewaesser-als-standortfaktor-und-hochwasserschutz\/","url":"https:\/\/www.leipzig-heymann.de\/index.php\/leipziger-gewaesser-als-standortfaktor-und-hochwasserschutz\/","name":"Leipziger Gew\u00e4sser als Standortfaktor und Hochwasserschutz - DIE LEIPZIGER UNION","isPartOf":{"@id":"https:\/\/www.leipzig-heymann.de\/#website"},"primaryImageOfPage":{"@id":"https:\/\/www.leipzig-heymann.de\/index.php\/leipziger-gewaesser-als-standortfaktor-und-hochwasserschutz\/#primaryimage"},"image":{"@id":"https:\/\/www.leipzig-heymann.de\/index.php\/leipziger-gewaesser-als-standortfaktor-und-hochwasserschutz\/#primaryimage"},"thumbnailUrl":"https:\/\/www.leipzig-heymann.de\/wp-content\/uploads\/2024\/05\/Leipziger-Gewaesser-225x300.jpg","datePublished":"2024-05-02T16:54:46+00:00","dateModified":"2024-05-06T22:03:58+00:00","breadcrumb":{"@id":"https:\/\/www.leipzig-heymann.de\/index.php\/leipziger-gewaesser-als-standortfaktor-und-hochwasserschutz\/#breadcrumb"},"inLanguage":"de","potentialAction":[{"@type":"ReadAction","target":["https:\/\/www.leipzig-heymann.de\/index.php\/leipziger-gewaesser-als-standortfaktor-und-hochwasserschutz\/"]}]},{"@type":"ImageObject","inLanguage":"de","@id":"https:\/\/www.leipzig-heymann.de\/index.php\/leipziger-gewaesser-als-standortfaktor-und-hochwasserschutz\/#primaryimage","url":"https:\/\/www.leipzig-heymann.de\/wp-content\/uploads\/2024\/05\/Leipziger-Gewaesser.jpg","contentUrl":"https:\/\/www.leipzig-heymann.de\/wp-content\/uploads\/2024\/05\/Leipziger-Gewaesser.jpg","width":319,"height":425},{"@type":"BreadcrumbList","@id":"https:\/\/www.leipzig-heymann.de\/index.php\/leipziger-gewaesser-als-standortfaktor-und-hochwasserschutz\/#breadcrumb","itemListElement":[{"@type":"ListItem","position":1,"name":"Startseite","item":"https:\/\/www.leipzig-heymann.de\/index.php\/home\/"},{"@type":"ListItem","position":2,"name":"Leipziger Gew\u00e4sser als Standortfaktor und Hochwasserschutz"}]},{"@type":"WebSite","@id":"https:\/\/www.leipzig-heymann.de\/#website","url":"https:\/\/www.leipzig-heymann.de\/","name":"DIE LEIPZIGER UNION","description":"Christlich Demokratische Union Deutschlands ","publisher":{"@id":"https:\/\/www.leipzig-heymann.de\/#organization"},"potentialAction":[{"@type":"SearchAction","target":{"@type":"EntryPoint","urlTemplate":"https:\/\/www.leipzig-heymann.de\/?s={search_term_string}"},"query-input":{"@type":"PropertyValueSpecification","valueRequired":true,"valueName":"search_term_string"}}],"inLanguage":"de"},{"@type":"Organization","@id":"https:\/\/www.leipzig-heymann.de\/#organization","name":"DIE LEIPZIGER UNION","url":"https:\/\/www.leipzig-heymann.de\/","logo":{"@type":"ImageObject","inLanguage":"de","@id":"https:\/\/www.leipzig-heymann.de\/#\/schema\/logo\/image\/","url":"https:\/\/www.leipzig-heymann.de\/wp-content\/uploads\/2024\/05\/CDU-Logo.jpg","contentUrl":"https:\/\/www.leipzig-heymann.de\/wp-content\/uploads\/2024\/05\/CDU-Logo.jpg","width":512,"height":250,"caption":"DIE LEIPZIGER UNION"},"image":{"@id":"https:\/\/www.leipzig-heymann.de\/#\/schema\/logo\/image\/"},"sameAs":["https:\/\/www.facebook.com\/ts.heymann"]}]}},"_links":{"self":[{"href":"https:\/\/www.leipzig-heymann.de\/index.php\/wp-json\/wp\/v2\/pages\/772","targetHints":{"allow":["GET"]}}],"collection":[{"href":"https:\/\/www.leipzig-heymann.de\/index.php\/wp-json\/wp\/v2\/pages"}],"about":[{"href":"https:\/\/www.leipzig-heymann.de\/index.php\/wp-json\/wp\/v2\/types\/page"}],"author":[{"embeddable":true,"href":"https:\/\/www.leipzig-heymann.de\/index.php\/wp-json\/wp\/v2\/users\/1"}],"replies":[{"embeddable":true,"href":"https:\/\/www.leipzig-heymann.de\/index.php\/wp-json\/wp\/v2\/comments?post=772"}],"version-history":[{"count":4,"href":"https:\/\/www.leipzig-heymann.de\/index.php\/wp-json\/wp\/v2\/pages\/772\/revisions"}],"predecessor-version":[{"id":950,"href":"https:\/\/www.leipzig-heymann.de\/index.php\/wp-json\/wp\/v2\/pages\/772\/revisions\/950"}],"wp:attachment":[{"href":"https:\/\/www.leipzig-heymann.de\/index.php\/wp-json\/wp\/v2\/media?parent=772"}],"curies":[{"name":"wp","href":"https:\/\/api.w.org\/{rel}","templated":true}]}}