{"id":768,"date":"2024-05-02T18:54:10","date_gmt":"2024-05-02T16:54:10","guid":{"rendered":"https:\/\/www.leipzig-heymann.de\/?page_id=768"},"modified":"2024-05-07T00:02:42","modified_gmt":"2024-05-06T22:02:42","slug":"vielfaeltige-wohnungsangebote","status":"publish","type":"page","link":"https:\/\/www.leipzig-heymann.de\/index.php\/vielfaeltige-wohnungsangebote\/","title":{"rendered":"vielf\u00e4ltige Wohnungsangebote"},"content":{"rendered":"<p><a  href=\"https:\/\/www.leipzig-heymann.de\/wp-content\/uploads\/2024\/05\/Wohnungsangebote.jpg\" data-rel=\"lightbox-gallery-0\" data-rl_title=\"Wohnungsangebote\" data-rl_caption=\"\" title=\"Wohnungsangebote\"><img loading=\"lazy\" decoding=\"async\" class=\"alignleft wp-image-896 size-medium\" src=\"https:\/\/www.leipzig-heymann.de\/wp-content\/uploads\/2024\/05\/Wohnungsangebote-300x225.jpg\" alt=\"\" width=\"300\" height=\"225\" srcset=\"https:\/\/www.leipzig-heymann.de\/wp-content\/uploads\/2024\/05\/Wohnungsangebote-300x225.jpg 300w, https:\/\/www.leipzig-heymann.de\/wp-content\/uploads\/2024\/05\/Wohnungsangebote.jpg 378w\" sizes=\"auto, (max-width: 300px) 100vw, 300px\" \/><\/a>Attraktives Wohnen f\u00fcr alle ist nicht nur eine Frage der Miete, aber auch. Nat\u00fcrlich ist es erstrebenswert, dass man nicht nur f\u00fcr die Miete arbeitet und dass man in m\u00f6glichst allen Stadtteilen eine Wohnung f\u00fcr sich und seine Familie findet.<\/p>\n<p>Leider ist dies in einer wachsenden Stadt nicht in jedem Stadtteil gegeben. Typischer Weise sind zentrumsnahe und Szeneviertel angesagter als Viertel wie Paunsdorf, Gr\u00fcnau und Mockau. Die letzten L\u00fccken, die man zumeist als gr\u00fcne L\u00fccken kannte, werden zugebaut, um Wohnraum in den angesagten Vierteln zu schaffen.<\/p>\n<p>Die L\u00f6sungen in meinen Augen hei\u00dfen:<\/p>\n<p>Bauen mit Verstand, d.h. mit m\u00f6glichst viel Freiraum und Serviceangeboten in der N\u00e4he. Nur durch mehr Wohnungen, auch gef\u00f6rderte, kann dem Wohnungsmangel und der Mietpreisentwicklung (soweit sie nicht schon durch die steigenden Baukosten bedingt ist) entgegen gearbeitet werden.<\/p>\n<p>Verbesserung der Qualit\u00e4t der weniger angesagten Viertel. Serviceangebote, kulturelle Abgebote und Arbeitspl\u00e4tze m\u00fcssen auch in Gr\u00fcnau, Paunsdorf, Sch\u00f6nefeld und Mockau zu finden sein. Denn nicht im Neubau, sondern besonders in der Aktivierung der DDR-Neubauten und des sonstigen Altbaubestandes k\u00f6nnen wir die M\u00f6glichkeit f\u00fcr bezahlbaren Wohnraum f\u00fcr jede Geldb\u00f6rse finden.<\/p>\n<p>Und letztlich braucht es Arbeitspl\u00e4tze, die ein Einkommen erm\u00f6glichen, dass Wohnraum trotz steigender Baupreise bezahlbar bleibt. Es braucht Unterst\u00fctzung der Famililien (KITA, Hort), damit das Familieneinkommen auch ohne Stress erarbeitet werden kann.<\/p>\n<p>Diese Entwicklung muss \u00fcber ganz Leipzig verteilt erfolgen, damit man in Mitte auch k\u00fcnftig noch gr\u00fcne Fl\u00e4chen vor Augen haben kann.<\/p>\n","protected":false},"excerpt":{"rendered":"<p>Attraktives Wohnen f\u00fcr alle ist nicht nur eine Frage der Miete, aber auch. Nat\u00fcrlich ist es erstrebenswert, dass man nicht nur f\u00fcr die Miete arbeitet und dass man in m\u00f6glichst allen Stadtteilen eine Wohnung f\u00fcr sich und seine Familie findet. Leider ist dies in einer wachsenden Stadt nicht in jedem Stadtteil gegeben. Typischer Weise sind <a class=\"more-link\" href=\"https:\/\/www.leipzig-heymann.de\/index.php\/vielfaeltige-wohnungsangebote\/\">Weiterlesen\u00a0\u2026<\/a><\/p>\n","protected":false},"author":1,"featured_media":0,"parent":0,"menu_order":0,"comment_status":"closed","ping_status":"closed","template":"","meta":{"footnotes":""},"class_list":["post-768","page","type-page","status-publish","hentry"],"yoast_head":"<!-- This site is optimized with the Yoast SEO plugin v27.5 - https:\/\/yoast.com\/product\/yoast-seo-wordpress\/ -->\n<title>vielf\u00e4ltige Wohnungsangebote - DIE LEIPZIGER UNION<\/title>\n<meta name=\"robots\" content=\"index, follow, max-snippet:-1, max-image-preview:large, max-video-preview:-1\" \/>\n<link rel=\"canonical\" href=\"https:\/\/www.leipzig-heymann.de\/index.php\/vielfaeltige-wohnungsangebote\/\" \/>\n<meta property=\"og:locale\" content=\"de_DE\" \/>\n<meta property=\"og:type\" content=\"article\" \/>\n<meta property=\"og:title\" content=\"vielf\u00e4ltige Wohnungsangebote - DIE LEIPZIGER UNION\" \/>\n<meta property=\"og:description\" content=\"Attraktives Wohnen f\u00fcr alle ist nicht nur eine Frage der Miete, aber auch. Nat\u00fcrlich ist es erstrebenswert, dass man nicht nur f\u00fcr die Miete arbeitet und dass man in m\u00f6glichst allen Stadtteilen eine Wohnung f\u00fcr sich und seine Familie findet. Leider ist dies in einer wachsenden Stadt nicht in jedem Stadtteil gegeben. Typischer Weise sind Weiterlesen\u00a0\u2026\" \/>\n<meta property=\"og:url\" content=\"https:\/\/www.leipzig-heymann.de\/index.php\/vielfaeltige-wohnungsangebote\/\" \/>\n<meta property=\"og:site_name\" content=\"DIE LEIPZIGER UNION\" \/>\n<meta property=\"article:publisher\" content=\"https:\/\/www.facebook.com\/ts.heymann\" \/>\n<meta property=\"article:modified_time\" content=\"2024-05-06T22:02:42+00:00\" \/>\n<meta name=\"twitter:card\" content=\"summary_large_image\" \/>\n<meta name=\"twitter:label1\" content=\"Gesch\u00e4tzte Lesezeit\" \/>\n\t<meta name=\"twitter:data1\" content=\"2\u00a0Minuten\" \/>\n<script type=\"application\/ld+json\" class=\"yoast-schema-graph\">{\"@context\":\"https:\\\/\\\/schema.org\",\"@graph\":[{\"@type\":\"WebPage\",\"@id\":\"https:\\\/\\\/www.leipzig-heymann.de\\\/index.php\\\/vielfaeltige-wohnungsangebote\\\/\",\"url\":\"https:\\\/\\\/www.leipzig-heymann.de\\\/index.php\\\/vielfaeltige-wohnungsangebote\\\/\",\"name\":\"vielf\u00e4ltige Wohnungsangebote - DIE LEIPZIGER UNION\",\"isPartOf\":{\"@id\":\"https:\\\/\\\/www.leipzig-heymann.de\\\/#website\"},\"primaryImageOfPage\":{\"@id\":\"https:\\\/\\\/www.leipzig-heymann.de\\\/index.php\\\/vielfaeltige-wohnungsangebote\\\/#primaryimage\"},\"image\":{\"@id\":\"https:\\\/\\\/www.leipzig-heymann.de\\\/index.php\\\/vielfaeltige-wohnungsangebote\\\/#primaryimage\"},\"thumbnailUrl\":\"https:\\\/\\\/www.leipzig-heymann.de\\\/wp-content\\\/uploads\\\/2024\\\/05\\\/Wohnungsangebote-300x225.jpg\",\"datePublished\":\"2024-05-02T16:54:10+00:00\",\"dateModified\":\"2024-05-06T22:02:42+00:00\",\"breadcrumb\":{\"@id\":\"https:\\\/\\\/www.leipzig-heymann.de\\\/index.php\\\/vielfaeltige-wohnungsangebote\\\/#breadcrumb\"},\"inLanguage\":\"de\",\"potentialAction\":[{\"@type\":\"ReadAction\",\"target\":[\"https:\\\/\\\/www.leipzig-heymann.de\\\/index.php\\\/vielfaeltige-wohnungsangebote\\\/\"]}]},{\"@type\":\"ImageObject\",\"inLanguage\":\"de\",\"@id\":\"https:\\\/\\\/www.leipzig-heymann.de\\\/index.php\\\/vielfaeltige-wohnungsangebote\\\/#primaryimage\",\"url\":\"https:\\\/\\\/www.leipzig-heymann.de\\\/wp-content\\\/uploads\\\/2024\\\/05\\\/Wohnungsangebote.jpg\",\"contentUrl\":\"https:\\\/\\\/www.leipzig-heymann.de\\\/wp-content\\\/uploads\\\/2024\\\/05\\\/Wohnungsangebote.jpg\",\"width\":378,\"height\":283,\"caption\":\"Neubauten der LWB am Wintergartenhochhaus, eines der ersten Wohnungsneubauten der LWB nach 1989\"},{\"@type\":\"BreadcrumbList\",\"@id\":\"https:\\\/\\\/www.leipzig-heymann.de\\\/index.php\\\/vielfaeltige-wohnungsangebote\\\/#breadcrumb\",\"itemListElement\":[{\"@type\":\"ListItem\",\"position\":1,\"name\":\"Startseite\",\"item\":\"https:\\\/\\\/www.leipzig-heymann.de\\\/index.php\\\/home\\\/\"},{\"@type\":\"ListItem\",\"position\":2,\"name\":\"vielf\u00e4ltige Wohnungsangebote\"}]},{\"@type\":\"WebSite\",\"@id\":\"https:\\\/\\\/www.leipzig-heymann.de\\\/#website\",\"url\":\"https:\\\/\\\/www.leipzig-heymann.de\\\/\",\"name\":\"DIE LEIPZIGER UNION\",\"description\":\"Christlich Demokratische Union Deutschlands \",\"publisher\":{\"@id\":\"https:\\\/\\\/www.leipzig-heymann.de\\\/#organization\"},\"potentialAction\":[{\"@type\":\"SearchAction\",\"target\":{\"@type\":\"EntryPoint\",\"urlTemplate\":\"https:\\\/\\\/www.leipzig-heymann.de\\\/?s={search_term_string}\"},\"query-input\":{\"@type\":\"PropertyValueSpecification\",\"valueRequired\":true,\"valueName\":\"search_term_string\"}}],\"inLanguage\":\"de\"},{\"@type\":\"Organization\",\"@id\":\"https:\\\/\\\/www.leipzig-heymann.de\\\/#organization\",\"name\":\"DIE LEIPZIGER UNION\",\"url\":\"https:\\\/\\\/www.leipzig-heymann.de\\\/\",\"logo\":{\"@type\":\"ImageObject\",\"inLanguage\":\"de\",\"@id\":\"https:\\\/\\\/www.leipzig-heymann.de\\\/#\\\/schema\\\/logo\\\/image\\\/\",\"url\":\"https:\\\/\\\/www.leipzig-heymann.de\\\/wp-content\\\/uploads\\\/2024\\\/05\\\/CDU-Logo.jpg\",\"contentUrl\":\"https:\\\/\\\/www.leipzig-heymann.de\\\/wp-content\\\/uploads\\\/2024\\\/05\\\/CDU-Logo.jpg\",\"width\":512,\"height\":250,\"caption\":\"DIE LEIPZIGER UNION\"},\"image\":{\"@id\":\"https:\\\/\\\/www.leipzig-heymann.de\\\/#\\\/schema\\\/logo\\\/image\\\/\"},\"sameAs\":[\"https:\\\/\\\/www.facebook.com\\\/ts.heymann\"]}]}<\/script>\n<!-- \/ Yoast SEO plugin. -->","yoast_head_json":{"title":"vielf\u00e4ltige Wohnungsangebote - DIE LEIPZIGER UNION","robots":{"index":"index","follow":"follow","max-snippet":"max-snippet:-1","max-image-preview":"max-image-preview:large","max-video-preview":"max-video-preview:-1"},"canonical":"https:\/\/www.leipzig-heymann.de\/index.php\/vielfaeltige-wohnungsangebote\/","og_locale":"de_DE","og_type":"article","og_title":"vielf\u00e4ltige Wohnungsangebote - DIE LEIPZIGER UNION","og_description":"Attraktives Wohnen f\u00fcr alle ist nicht nur eine Frage der Miete, aber auch. Nat\u00fcrlich ist es erstrebenswert, dass man nicht nur f\u00fcr die Miete arbeitet und dass man in m\u00f6glichst allen Stadtteilen eine Wohnung f\u00fcr sich und seine Familie findet. Leider ist dies in einer wachsenden Stadt nicht in jedem Stadtteil gegeben. Typischer Weise sind Weiterlesen\u00a0\u2026","og_url":"https:\/\/www.leipzig-heymann.de\/index.php\/vielfaeltige-wohnungsangebote\/","og_site_name":"DIE LEIPZIGER UNION","article_publisher":"https:\/\/www.facebook.com\/ts.heymann","article_modified_time":"2024-05-06T22:02:42+00:00","twitter_card":"summary_large_image","twitter_misc":{"Gesch\u00e4tzte Lesezeit":"2\u00a0Minuten"},"schema":{"@context":"https:\/\/schema.org","@graph":[{"@type":"WebPage","@id":"https:\/\/www.leipzig-heymann.de\/index.php\/vielfaeltige-wohnungsangebote\/","url":"https:\/\/www.leipzig-heymann.de\/index.php\/vielfaeltige-wohnungsangebote\/","name":"vielf\u00e4ltige Wohnungsangebote - DIE LEIPZIGER UNION","isPartOf":{"@id":"https:\/\/www.leipzig-heymann.de\/#website"},"primaryImageOfPage":{"@id":"https:\/\/www.leipzig-heymann.de\/index.php\/vielfaeltige-wohnungsangebote\/#primaryimage"},"image":{"@id":"https:\/\/www.leipzig-heymann.de\/index.php\/vielfaeltige-wohnungsangebote\/#primaryimage"},"thumbnailUrl":"https:\/\/www.leipzig-heymann.de\/wp-content\/uploads\/2024\/05\/Wohnungsangebote-300x225.jpg","datePublished":"2024-05-02T16:54:10+00:00","dateModified":"2024-05-06T22:02:42+00:00","breadcrumb":{"@id":"https:\/\/www.leipzig-heymann.de\/index.php\/vielfaeltige-wohnungsangebote\/#breadcrumb"},"inLanguage":"de","potentialAction":[{"@type":"ReadAction","target":["https:\/\/www.leipzig-heymann.de\/index.php\/vielfaeltige-wohnungsangebote\/"]}]},{"@type":"ImageObject","inLanguage":"de","@id":"https:\/\/www.leipzig-heymann.de\/index.php\/vielfaeltige-wohnungsangebote\/#primaryimage","url":"https:\/\/www.leipzig-heymann.de\/wp-content\/uploads\/2024\/05\/Wohnungsangebote.jpg","contentUrl":"https:\/\/www.leipzig-heymann.de\/wp-content\/uploads\/2024\/05\/Wohnungsangebote.jpg","width":378,"height":283,"caption":"Neubauten der LWB am Wintergartenhochhaus, eines der ersten Wohnungsneubauten der LWB nach 1989"},{"@type":"BreadcrumbList","@id":"https:\/\/www.leipzig-heymann.de\/index.php\/vielfaeltige-wohnungsangebote\/#breadcrumb","itemListElement":[{"@type":"ListItem","position":1,"name":"Startseite","item":"https:\/\/www.leipzig-heymann.de\/index.php\/home\/"},{"@type":"ListItem","position":2,"name":"vielf\u00e4ltige Wohnungsangebote"}]},{"@type":"WebSite","@id":"https:\/\/www.leipzig-heymann.de\/#website","url":"https:\/\/www.leipzig-heymann.de\/","name":"DIE LEIPZIGER UNION","description":"Christlich Demokratische Union Deutschlands ","publisher":{"@id":"https:\/\/www.leipzig-heymann.de\/#organization"},"potentialAction":[{"@type":"SearchAction","target":{"@type":"EntryPoint","urlTemplate":"https:\/\/www.leipzig-heymann.de\/?s={search_term_string}"},"query-input":{"@type":"PropertyValueSpecification","valueRequired":true,"valueName":"search_term_string"}}],"inLanguage":"de"},{"@type":"Organization","@id":"https:\/\/www.leipzig-heymann.de\/#organization","name":"DIE LEIPZIGER UNION","url":"https:\/\/www.leipzig-heymann.de\/","logo":{"@type":"ImageObject","inLanguage":"de","@id":"https:\/\/www.leipzig-heymann.de\/#\/schema\/logo\/image\/","url":"https:\/\/www.leipzig-heymann.de\/wp-content\/uploads\/2024\/05\/CDU-Logo.jpg","contentUrl":"https:\/\/www.leipzig-heymann.de\/wp-content\/uploads\/2024\/05\/CDU-Logo.jpg","width":512,"height":250,"caption":"DIE LEIPZIGER UNION"},"image":{"@id":"https:\/\/www.leipzig-heymann.de\/#\/schema\/logo\/image\/"},"sameAs":["https:\/\/www.facebook.com\/ts.heymann"]}]}},"_links":{"self":[{"href":"https:\/\/www.leipzig-heymann.de\/index.php\/wp-json\/wp\/v2\/pages\/768","targetHints":{"allow":["GET"]}}],"collection":[{"href":"https:\/\/www.leipzig-heymann.de\/index.php\/wp-json\/wp\/v2\/pages"}],"about":[{"href":"https:\/\/www.leipzig-heymann.de\/index.php\/wp-json\/wp\/v2\/types\/page"}],"author":[{"embeddable":true,"href":"https:\/\/www.leipzig-heymann.de\/index.php\/wp-json\/wp\/v2\/users\/1"}],"replies":[{"embeddable":true,"href":"https:\/\/www.leipzig-heymann.de\/index.php\/wp-json\/wp\/v2\/comments?post=768"}],"version-history":[{"count":3,"href":"https:\/\/www.leipzig-heymann.de\/index.php\/wp-json\/wp\/v2\/pages\/768\/revisions"}],"predecessor-version":[{"id":948,"href":"https:\/\/www.leipzig-heymann.de\/index.php\/wp-json\/wp\/v2\/pages\/768\/revisions\/948"}],"wp:attachment":[{"href":"https:\/\/www.leipzig-heymann.de\/index.php\/wp-json\/wp\/v2\/media?parent=768"}],"curies":[{"name":"wp","href":"https:\/\/api.w.org\/{rel}","templated":true}]}}