{"id":766,"date":"2024-05-02T18:53:53","date_gmt":"2024-05-02T16:53:53","guid":{"rendered":"https:\/\/www.leipzig-heymann.de\/?page_id=766"},"modified":"2024-05-07T00:02:10","modified_gmt":"2024-05-06T22:02:10","slug":"moderne-verkehrsloesungen-und-staedtebau","status":"publish","type":"page","link":"https:\/\/www.leipzig-heymann.de\/index.php\/moderne-verkehrsloesungen-und-staedtebau\/","title":{"rendered":"moderne Verkehrsl\u00f6sungen und St\u00e4dtebau"},"content":{"rendered":"<p><a  href=\"https:\/\/www.leipzig-heymann.de\/wp-content\/uploads\/2024\/05\/Verkehrsloesung.jpg\" data-rel=\"lightbox-gallery-0\" data-rl_title=\"Verkehrsl\u00f6sung\" data-rl_caption=\"\" title=\"Verkehrsl\u00f6sung\"><img loading=\"lazy\" decoding=\"async\" class=\"alignleft wp-image-894 size-medium\" src=\"https:\/\/www.leipzig-heymann.de\/wp-content\/uploads\/2024\/05\/Verkehrsloesung-300x168.jpg\" alt=\"\" width=\"300\" height=\"168\" srcset=\"https:\/\/www.leipzig-heymann.de\/wp-content\/uploads\/2024\/05\/Verkehrsloesung-300x168.jpg 300w, https:\/\/www.leipzig-heymann.de\/wp-content\/uploads\/2024\/05\/Verkehrsloesung-350x197.jpg 350w, https:\/\/www.leipzig-heymann.de\/wp-content\/uploads\/2024\/05\/Verkehrsloesung.jpg 504w\" sizes=\"auto, (max-width: 300px) 100vw, 300px\" \/><\/a>Leipzig und Verkehr ist keine Liebesbeziehung. Zwischen den verschiedenen Verkehrsarten wird weiterhin aufger\u00fcstet, obwohl der Rat sich f\u00fcr ein Nachhaltigkeitsszenario ausgesprochen hat, welches durch verbesserte Angebote das Umsteigen auf Bahn und Rad f\u00f6rdern soll. Statt dessen wird das LVB-Ticket immer teurer, der Takt mangels Arbeitskr\u00e4ften gef\u00e4hrdet sowie die Netzerweiterung in weiter Ferne. Radwege werden nur aufgemalt und nicht gebaut. Flie\u00dfender Verkehr kann nur im Miteinander funktionieren. Sicherer Verkehr muss beim Schw\u00e4chsten ansetzen, dem Fu\u00dfg\u00e4nger.<\/p>\n<p>Die Jahnallee ist dabei nicht gelungenes Beispiel:<\/p>\n<p>Was haben wir jetzt. Fu\u00dfg\u00e4nger haben gr\u00f6\u00dfere Probleme beim Queren der Stra\u00dfe als je zuvor. Schon jetzt kann man die Verarmung der Angebotsvielfalt der Stra\u00dfe sehen. Zahlreiche Traditionsgesch\u00e4fte haben der Stra\u00dfe den R\u00fccken gekehrt.<br \/>\nDie Einrichtung von zus\u00e4tzlichen Kurzparkpl\u00e4tzen r\u00e4umt genau diese Probleme nicht weg. Im Gegenteil, es versch\u00e4rft die Parkraumsituation und hebelt den mit den Gewerbetreibenden und Anwohnern schwer gefundenen Kompromiss zur Parkraumbewirtschaftung aus, denn dies war da nicht einkalkuliert.<br \/>\nBis zur heute (2024) wurden weitere Ideen der Anlieger zur Verbesserung der Attraktivit\u00e4t der Stra\u00dfe, wie Baumpflanzungen, nicht umgesetzt.<\/p>\n<p>Ein weiteres bleibendes Problem ist die Organisation des Verkehrs im Umfeld des Stadions. Es wird hier nur Kosmetik betrieben, statt wirkungsvolle L\u00f6sungen zu suchen. Der Bau eines Parkhauses durch RBL wurde verhindert, da man das erforderliche Grundst\u00fcck nicht verkaufen wollte. Schlimmer noch, die Kleinmesse wird gegen RBL ausgespielt.<\/p>\n","protected":false},"excerpt":{"rendered":"<p>Leipzig und Verkehr ist keine Liebesbeziehung. Zwischen den verschiedenen Verkehrsarten wird weiterhin aufger\u00fcstet, obwohl der Rat sich f\u00fcr ein Nachhaltigkeitsszenario ausgesprochen hat, welches durch verbesserte Angebote das Umsteigen auf Bahn und Rad f\u00f6rdern soll. Statt dessen wird das LVB-Ticket immer teurer, der Takt mangels Arbeitskr\u00e4ften gef\u00e4hrdet sowie die Netzerweiterung in weiter Ferne. Radwege werden nur <a class=\"more-link\" href=\"https:\/\/www.leipzig-heymann.de\/index.php\/moderne-verkehrsloesungen-und-staedtebau\/\">Weiterlesen\u00a0\u2026<\/a><\/p>\n","protected":false},"author":1,"featured_media":0,"parent":0,"menu_order":0,"comment_status":"closed","ping_status":"closed","template":"","meta":{"footnotes":""},"class_list":["post-766","page","type-page","status-publish","hentry"],"yoast_head":"<!-- This site is optimized with the Yoast SEO plugin v27.5 - https:\/\/yoast.com\/product\/yoast-seo-wordpress\/ -->\n<title>moderne Verkehrsl\u00f6sungen und St\u00e4dtebau - DIE LEIPZIGER UNION<\/title>\n<meta name=\"robots\" content=\"index, follow, max-snippet:-1, max-image-preview:large, max-video-preview:-1\" \/>\n<link rel=\"canonical\" href=\"https:\/\/www.leipzig-heymann.de\/index.php\/moderne-verkehrsloesungen-und-staedtebau\/\" \/>\n<meta property=\"og:locale\" content=\"de_DE\" \/>\n<meta property=\"og:type\" content=\"article\" \/>\n<meta property=\"og:title\" content=\"moderne Verkehrsl\u00f6sungen und St\u00e4dtebau - DIE LEIPZIGER UNION\" \/>\n<meta property=\"og:description\" content=\"Leipzig und Verkehr ist keine Liebesbeziehung. Zwischen den verschiedenen Verkehrsarten wird weiterhin aufger\u00fcstet, obwohl der Rat sich f\u00fcr ein Nachhaltigkeitsszenario ausgesprochen hat, welches durch verbesserte Angebote das Umsteigen auf Bahn und Rad f\u00f6rdern soll. Statt dessen wird das LVB-Ticket immer teurer, der Takt mangels Arbeitskr\u00e4ften gef\u00e4hrdet sowie die Netzerweiterung in weiter Ferne. Radwege werden nur Weiterlesen\u00a0\u2026\" \/>\n<meta property=\"og:url\" content=\"https:\/\/www.leipzig-heymann.de\/index.php\/moderne-verkehrsloesungen-und-staedtebau\/\" \/>\n<meta property=\"og:site_name\" content=\"DIE LEIPZIGER UNION\" \/>\n<meta property=\"article:publisher\" content=\"https:\/\/www.facebook.com\/ts.heymann\" \/>\n<meta property=\"article:modified_time\" content=\"2024-05-06T22:02:10+00:00\" \/>\n<meta name=\"twitter:card\" content=\"summary_large_image\" \/>\n<meta name=\"twitter:label1\" content=\"Gesch\u00e4tzte Lesezeit\" \/>\n\t<meta name=\"twitter:data1\" content=\"2\u00a0Minuten\" \/>\n<script type=\"application\/ld+json\" class=\"yoast-schema-graph\">{\"@context\":\"https:\\\/\\\/schema.org\",\"@graph\":[{\"@type\":\"WebPage\",\"@id\":\"https:\\\/\\\/www.leipzig-heymann.de\\\/index.php\\\/moderne-verkehrsloesungen-und-staedtebau\\\/\",\"url\":\"https:\\\/\\\/www.leipzig-heymann.de\\\/index.php\\\/moderne-verkehrsloesungen-und-staedtebau\\\/\",\"name\":\"moderne Verkehrsl\u00f6sungen und St\u00e4dtebau - DIE LEIPZIGER UNION\",\"isPartOf\":{\"@id\":\"https:\\\/\\\/www.leipzig-heymann.de\\\/#website\"},\"primaryImageOfPage\":{\"@id\":\"https:\\\/\\\/www.leipzig-heymann.de\\\/index.php\\\/moderne-verkehrsloesungen-und-staedtebau\\\/#primaryimage\"},\"image\":{\"@id\":\"https:\\\/\\\/www.leipzig-heymann.de\\\/index.php\\\/moderne-verkehrsloesungen-und-staedtebau\\\/#primaryimage\"},\"thumbnailUrl\":\"https:\\\/\\\/www.leipzig-heymann.de\\\/wp-content\\\/uploads\\\/2024\\\/05\\\/Verkehrsloesung-300x168.jpg\",\"datePublished\":\"2024-05-02T16:53:53+00:00\",\"dateModified\":\"2024-05-06T22:02:10+00:00\",\"breadcrumb\":{\"@id\":\"https:\\\/\\\/www.leipzig-heymann.de\\\/index.php\\\/moderne-verkehrsloesungen-und-staedtebau\\\/#breadcrumb\"},\"inLanguage\":\"de\",\"potentialAction\":[{\"@type\":\"ReadAction\",\"target\":[\"https:\\\/\\\/www.leipzig-heymann.de\\\/index.php\\\/moderne-verkehrsloesungen-und-staedtebau\\\/\"]}]},{\"@type\":\"ImageObject\",\"inLanguage\":\"de\",\"@id\":\"https:\\\/\\\/www.leipzig-heymann.de\\\/index.php\\\/moderne-verkehrsloesungen-und-staedtebau\\\/#primaryimage\",\"url\":\"https:\\\/\\\/www.leipzig-heymann.de\\\/wp-content\\\/uploads\\\/2024\\\/05\\\/Verkehrsloesung.jpg\",\"contentUrl\":\"https:\\\/\\\/www.leipzig-heymann.de\\\/wp-content\\\/uploads\\\/2024\\\/05\\\/Verkehrsloesung.jpg\",\"width\":504,\"height\":283},{\"@type\":\"BreadcrumbList\",\"@id\":\"https:\\\/\\\/www.leipzig-heymann.de\\\/index.php\\\/moderne-verkehrsloesungen-und-staedtebau\\\/#breadcrumb\",\"itemListElement\":[{\"@type\":\"ListItem\",\"position\":1,\"name\":\"Startseite\",\"item\":\"https:\\\/\\\/www.leipzig-heymann.de\\\/index.php\\\/home\\\/\"},{\"@type\":\"ListItem\",\"position\":2,\"name\":\"moderne Verkehrsl\u00f6sungen und St\u00e4dtebau\"}]},{\"@type\":\"WebSite\",\"@id\":\"https:\\\/\\\/www.leipzig-heymann.de\\\/#website\",\"url\":\"https:\\\/\\\/www.leipzig-heymann.de\\\/\",\"name\":\"DIE LEIPZIGER UNION\",\"description\":\"Christlich Demokratische Union Deutschlands \",\"publisher\":{\"@id\":\"https:\\\/\\\/www.leipzig-heymann.de\\\/#organization\"},\"potentialAction\":[{\"@type\":\"SearchAction\",\"target\":{\"@type\":\"EntryPoint\",\"urlTemplate\":\"https:\\\/\\\/www.leipzig-heymann.de\\\/?s={search_term_string}\"},\"query-input\":{\"@type\":\"PropertyValueSpecification\",\"valueRequired\":true,\"valueName\":\"search_term_string\"}}],\"inLanguage\":\"de\"},{\"@type\":\"Organization\",\"@id\":\"https:\\\/\\\/www.leipzig-heymann.de\\\/#organization\",\"name\":\"DIE LEIPZIGER UNION\",\"url\":\"https:\\\/\\\/www.leipzig-heymann.de\\\/\",\"logo\":{\"@type\":\"ImageObject\",\"inLanguage\":\"de\",\"@id\":\"https:\\\/\\\/www.leipzig-heymann.de\\\/#\\\/schema\\\/logo\\\/image\\\/\",\"url\":\"https:\\\/\\\/www.leipzig-heymann.de\\\/wp-content\\\/uploads\\\/2024\\\/05\\\/CDU-Logo.jpg\",\"contentUrl\":\"https:\\\/\\\/www.leipzig-heymann.de\\\/wp-content\\\/uploads\\\/2024\\\/05\\\/CDU-Logo.jpg\",\"width\":512,\"height\":250,\"caption\":\"DIE LEIPZIGER UNION\"},\"image\":{\"@id\":\"https:\\\/\\\/www.leipzig-heymann.de\\\/#\\\/schema\\\/logo\\\/image\\\/\"},\"sameAs\":[\"https:\\\/\\\/www.facebook.com\\\/ts.heymann\"]}]}<\/script>\n<!-- \/ Yoast SEO plugin. -->","yoast_head_json":{"title":"moderne Verkehrsl\u00f6sungen und St\u00e4dtebau - DIE LEIPZIGER UNION","robots":{"index":"index","follow":"follow","max-snippet":"max-snippet:-1","max-image-preview":"max-image-preview:large","max-video-preview":"max-video-preview:-1"},"canonical":"https:\/\/www.leipzig-heymann.de\/index.php\/moderne-verkehrsloesungen-und-staedtebau\/","og_locale":"de_DE","og_type":"article","og_title":"moderne Verkehrsl\u00f6sungen und St\u00e4dtebau - DIE LEIPZIGER UNION","og_description":"Leipzig und Verkehr ist keine Liebesbeziehung. Zwischen den verschiedenen Verkehrsarten wird weiterhin aufger\u00fcstet, obwohl der Rat sich f\u00fcr ein Nachhaltigkeitsszenario ausgesprochen hat, welches durch verbesserte Angebote das Umsteigen auf Bahn und Rad f\u00f6rdern soll. Statt dessen wird das LVB-Ticket immer teurer, der Takt mangels Arbeitskr\u00e4ften gef\u00e4hrdet sowie die Netzerweiterung in weiter Ferne. Radwege werden nur Weiterlesen\u00a0\u2026","og_url":"https:\/\/www.leipzig-heymann.de\/index.php\/moderne-verkehrsloesungen-und-staedtebau\/","og_site_name":"DIE LEIPZIGER UNION","article_publisher":"https:\/\/www.facebook.com\/ts.heymann","article_modified_time":"2024-05-06T22:02:10+00:00","twitter_card":"summary_large_image","twitter_misc":{"Gesch\u00e4tzte Lesezeit":"2\u00a0Minuten"},"schema":{"@context":"https:\/\/schema.org","@graph":[{"@type":"WebPage","@id":"https:\/\/www.leipzig-heymann.de\/index.php\/moderne-verkehrsloesungen-und-staedtebau\/","url":"https:\/\/www.leipzig-heymann.de\/index.php\/moderne-verkehrsloesungen-und-staedtebau\/","name":"moderne Verkehrsl\u00f6sungen und St\u00e4dtebau - DIE LEIPZIGER UNION","isPartOf":{"@id":"https:\/\/www.leipzig-heymann.de\/#website"},"primaryImageOfPage":{"@id":"https:\/\/www.leipzig-heymann.de\/index.php\/moderne-verkehrsloesungen-und-staedtebau\/#primaryimage"},"image":{"@id":"https:\/\/www.leipzig-heymann.de\/index.php\/moderne-verkehrsloesungen-und-staedtebau\/#primaryimage"},"thumbnailUrl":"https:\/\/www.leipzig-heymann.de\/wp-content\/uploads\/2024\/05\/Verkehrsloesung-300x168.jpg","datePublished":"2024-05-02T16:53:53+00:00","dateModified":"2024-05-06T22:02:10+00:00","breadcrumb":{"@id":"https:\/\/www.leipzig-heymann.de\/index.php\/moderne-verkehrsloesungen-und-staedtebau\/#breadcrumb"},"inLanguage":"de","potentialAction":[{"@type":"ReadAction","target":["https:\/\/www.leipzig-heymann.de\/index.php\/moderne-verkehrsloesungen-und-staedtebau\/"]}]},{"@type":"ImageObject","inLanguage":"de","@id":"https:\/\/www.leipzig-heymann.de\/index.php\/moderne-verkehrsloesungen-und-staedtebau\/#primaryimage","url":"https:\/\/www.leipzig-heymann.de\/wp-content\/uploads\/2024\/05\/Verkehrsloesung.jpg","contentUrl":"https:\/\/www.leipzig-heymann.de\/wp-content\/uploads\/2024\/05\/Verkehrsloesung.jpg","width":504,"height":283},{"@type":"BreadcrumbList","@id":"https:\/\/www.leipzig-heymann.de\/index.php\/moderne-verkehrsloesungen-und-staedtebau\/#breadcrumb","itemListElement":[{"@type":"ListItem","position":1,"name":"Startseite","item":"https:\/\/www.leipzig-heymann.de\/index.php\/home\/"},{"@type":"ListItem","position":2,"name":"moderne Verkehrsl\u00f6sungen und St\u00e4dtebau"}]},{"@type":"WebSite","@id":"https:\/\/www.leipzig-heymann.de\/#website","url":"https:\/\/www.leipzig-heymann.de\/","name":"DIE LEIPZIGER UNION","description":"Christlich Demokratische Union Deutschlands ","publisher":{"@id":"https:\/\/www.leipzig-heymann.de\/#organization"},"potentialAction":[{"@type":"SearchAction","target":{"@type":"EntryPoint","urlTemplate":"https:\/\/www.leipzig-heymann.de\/?s={search_term_string}"},"query-input":{"@type":"PropertyValueSpecification","valueRequired":true,"valueName":"search_term_string"}}],"inLanguage":"de"},{"@type":"Organization","@id":"https:\/\/www.leipzig-heymann.de\/#organization","name":"DIE LEIPZIGER UNION","url":"https:\/\/www.leipzig-heymann.de\/","logo":{"@type":"ImageObject","inLanguage":"de","@id":"https:\/\/www.leipzig-heymann.de\/#\/schema\/logo\/image\/","url":"https:\/\/www.leipzig-heymann.de\/wp-content\/uploads\/2024\/05\/CDU-Logo.jpg","contentUrl":"https:\/\/www.leipzig-heymann.de\/wp-content\/uploads\/2024\/05\/CDU-Logo.jpg","width":512,"height":250,"caption":"DIE LEIPZIGER UNION"},"image":{"@id":"https:\/\/www.leipzig-heymann.de\/#\/schema\/logo\/image\/"},"sameAs":["https:\/\/www.facebook.com\/ts.heymann"]}]}},"_links":{"self":[{"href":"https:\/\/www.leipzig-heymann.de\/index.php\/wp-json\/wp\/v2\/pages\/766","targetHints":{"allow":["GET"]}}],"collection":[{"href":"https:\/\/www.leipzig-heymann.de\/index.php\/wp-json\/wp\/v2\/pages"}],"about":[{"href":"https:\/\/www.leipzig-heymann.de\/index.php\/wp-json\/wp\/v2\/types\/page"}],"author":[{"embeddable":true,"href":"https:\/\/www.leipzig-heymann.de\/index.php\/wp-json\/wp\/v2\/users\/1"}],"replies":[{"embeddable":true,"href":"https:\/\/www.leipzig-heymann.de\/index.php\/wp-json\/wp\/v2\/comments?post=766"}],"version-history":[{"count":3,"href":"https:\/\/www.leipzig-heymann.de\/index.php\/wp-json\/wp\/v2\/pages\/766\/revisions"}],"predecessor-version":[{"id":947,"href":"https:\/\/www.leipzig-heymann.de\/index.php\/wp-json\/wp\/v2\/pages\/766\/revisions\/947"}],"wp:attachment":[{"href":"https:\/\/www.leipzig-heymann.de\/index.php\/wp-json\/wp\/v2\/media?parent=766"}],"curies":[{"name":"wp","href":"https:\/\/api.w.org\/{rel}","templated":true}]}}