{"id":762,"date":"2024-05-02T18:52:57","date_gmt":"2024-05-02T16:52:57","guid":{"rendered":"https:\/\/www.leipzig-heymann.de\/?page_id=762"},"modified":"2024-05-16T11:35:36","modified_gmt":"2024-05-16T09:35:36","slug":"zur-person","status":"publish","type":"page","link":"https:\/\/www.leipzig-heymann.de\/index.php\/zur-person\/","title":{"rendered":"Zur Person"},"content":{"rendered":"<p><a  href=\"https:\/\/www.leipzig-heymann.de\/wp-content\/uploads\/2024\/05\/Sabine_Heymann_2.jpg\" data-rel=\"lightbox-gallery-0\" data-rl_title=\"Dr. Sabine Heymann\" data-rl_caption=\"\" title=\"Dr. Sabine Heymann\"><img loading=\"lazy\" decoding=\"async\" class=\"alignnone wp-image-827 size-medium\" src=\"https:\/\/www.leipzig-heymann.de\/wp-content\/uploads\/2024\/05\/Sabine_Heymann_2-300x296.jpg\" alt=\"\" width=\"300\" height=\"296\" srcset=\"https:\/\/www.leipzig-heymann.de\/wp-content\/uploads\/2024\/05\/Sabine_Heymann_2-300x296.jpg 300w, https:\/\/www.leipzig-heymann.de\/wp-content\/uploads\/2024\/05\/Sabine_Heymann_2-768x759.jpg 768w, https:\/\/www.leipzig-heymann.de\/wp-content\/uploads\/2024\/05\/Sabine_Heymann_2-100x100.jpg 100w, https:\/\/www.leipzig-heymann.de\/wp-content\/uploads\/2024\/05\/Sabine_Heymann_2-40x40.jpg 40w, https:\/\/www.leipzig-heymann.de\/wp-content\/uploads\/2024\/05\/Sabine_Heymann_2.jpg 1004w\" sizes=\"auto, (max-width: 300px) 100vw, 300px\" \/><\/a><\/p>\n<p>Geboren 1964 in Leipzig<br \/>\nverheiratet<br \/>\nwohnhaft in Leipzig-Paunsdorf<\/p>\n<h2>Zur Ausbildung<\/h2>\n<p>Studium der Mathematik und sp\u00e4ter der Wirtschaftswissenschaften an der Universit\u00e4t Leipzig von 1982 bis 1988<br \/>\nPromotion an der Leipziger Universit\u00e4t, Wirtschaftswissenschaftliche Fakult\u00e4t 1994<br \/>\nFortbildung zur Au\u00dfenwirtschaftsberaterin<\/p>\n<h2>berufliche T\u00e4tigkeit<\/h2>\n<p>seit 2007 Inhaberin des Beratungsb\u00fcros LE-Regio in Leipzig-Mitte<\/p>\n<h2>ehrenamtliches Engagement<\/h2>\n<ul>\n<li>Mitglied der CDU<\/li>\n<li>Mitglied der Kommunalpolitischen Vereinigung der CDU und CSU Deutschland<\/li>\n<li>Mitglied der Frauenunion<\/li>\n<li>Vorsitzende des Wasser-Stadt-Leipzig e.V.<\/li>\n<li>Mitglied des Saale-Elster-Kanal F\u00f6rderverein e.V.<\/li>\n<li>Mitglied des Kirchbauf\u00f6rdervereins neue Propsteikirche Leipzig<\/li>\n<li>Vorstandsmitglied des Jugendhilfevereins herbie e.V.<\/li>\n<li>Gr\u00fcndungsmitglied der F\u00f6rdervereine des Wildparks,<br \/>\ndes Umweltinformationszentrums,<br \/>\ndes Umweltforschungszentrums Leipzig-Halle (UFZ)<\/li>\n<li>Mitglied der Deutschen Lebensrettungsgesellschaft<\/li>\n<li>Mitglied des St\u00e4dtepartnerschaft Leipzig-Travnik e.V.<\/li>\n<li>Mitglied des Landesverbandes nachhaltiges Sachsen e.V.<\/li>\n<\/ul>\n<p><strong><a href=\"https:\/\/www.leipzig-heymann.de\/index.php\/funktionen\/\">Funktionen<\/a><\/strong><\/p>\n","protected":false},"excerpt":{"rendered":"<p>Geboren 1964 in Leipzig verheiratet wohnhaft in Leipzig-Paunsdorf Zur Ausbildung Studium der Mathematik und sp\u00e4ter der Wirtschaftswissenschaften an der Universit\u00e4t Leipzig von 1982 bis 1988 Promotion an der Leipziger Universit\u00e4t, Wirtschaftswissenschaftliche Fakult\u00e4t 1994 Fortbildung zur Au\u00dfenwirtschaftsberaterin berufliche T\u00e4tigkeit seit 2007 Inhaberin des Beratungsb\u00fcros LE-Regio in Leipzig-Mitte ehrenamtliches Engagement Mitglied der CDU Mitglied der Kommunalpolitischen Vereinigung <a class=\"more-link\" href=\"https:\/\/www.leipzig-heymann.de\/index.php\/zur-person\/\">Weiterlesen\u00a0\u2026<\/a><\/p>\n","protected":false},"author":1,"featured_media":0,"parent":0,"menu_order":0,"comment_status":"closed","ping_status":"closed","template":"","meta":{"footnotes":""},"class_list":["post-762","page","type-page","status-publish","hentry"],"yoast_head":"<!-- This site is optimized with the Yoast SEO plugin v27.5 - https:\/\/yoast.com\/product\/yoast-seo-wordpress\/ -->\n<title>Zur Person - DIE LEIPZIGER UNION<\/title>\n<meta name=\"robots\" content=\"index, follow, max-snippet:-1, max-image-preview:large, max-video-preview:-1\" \/>\n<link rel=\"canonical\" href=\"https:\/\/www.leipzig-heymann.de\/index.php\/zur-person\/\" \/>\n<meta property=\"og:locale\" content=\"de_DE\" \/>\n<meta property=\"og:type\" content=\"article\" \/>\n<meta property=\"og:title\" content=\"Zur Person - DIE LEIPZIGER UNION\" \/>\n<meta property=\"og:description\" content=\"Geboren 1964 in Leipzig verheiratet wohnhaft in Leipzig-Paunsdorf Zur Ausbildung Studium der Mathematik und sp\u00e4ter der Wirtschaftswissenschaften an der Universit\u00e4t Leipzig von 1982 bis 1988 Promotion an der Leipziger Universit\u00e4t, Wirtschaftswissenschaftliche Fakult\u00e4t 1994 Fortbildung zur Au\u00dfenwirtschaftsberaterin berufliche T\u00e4tigkeit seit 2007 Inhaberin des Beratungsb\u00fcros LE-Regio in Leipzig-Mitte ehrenamtliches Engagement Mitglied der CDU Mitglied der Kommunalpolitischen Vereinigung Weiterlesen\u00a0\u2026\" \/>\n<meta property=\"og:url\" content=\"https:\/\/www.leipzig-heymann.de\/index.php\/zur-person\/\" \/>\n<meta property=\"og:site_name\" content=\"DIE LEIPZIGER UNION\" \/>\n<meta property=\"article:publisher\" content=\"https:\/\/www.facebook.com\/ts.heymann\" \/>\n<meta property=\"article:modified_time\" content=\"2024-05-16T09:35:36+00:00\" \/>\n<meta name=\"twitter:card\" content=\"summary_large_image\" \/>\n<meta name=\"twitter:label1\" content=\"Gesch\u00e4tzte Lesezeit\" \/>\n\t<meta name=\"twitter:data1\" content=\"1\u00a0Minute\" \/>\n<script type=\"application\/ld+json\" class=\"yoast-schema-graph\">{\"@context\":\"https:\\\/\\\/schema.org\",\"@graph\":[{\"@type\":\"WebPage\",\"@id\":\"https:\\\/\\\/www.leipzig-heymann.de\\\/index.php\\\/zur-person\\\/\",\"url\":\"https:\\\/\\\/www.leipzig-heymann.de\\\/index.php\\\/zur-person\\\/\",\"name\":\"Zur Person - DIE LEIPZIGER UNION\",\"isPartOf\":{\"@id\":\"https:\\\/\\\/www.leipzig-heymann.de\\\/#website\"},\"primaryImageOfPage\":{\"@id\":\"https:\\\/\\\/www.leipzig-heymann.de\\\/index.php\\\/zur-person\\\/#primaryimage\"},\"image\":{\"@id\":\"https:\\\/\\\/www.leipzig-heymann.de\\\/index.php\\\/zur-person\\\/#primaryimage\"},\"thumbnailUrl\":\"https:\\\/\\\/www.leipzig-heymann.de\\\/wp-content\\\/uploads\\\/2024\\\/05\\\/Sabine_Heymann_2-300x296.jpg\",\"datePublished\":\"2024-05-02T16:52:57+00:00\",\"dateModified\":\"2024-05-16T09:35:36+00:00\",\"breadcrumb\":{\"@id\":\"https:\\\/\\\/www.leipzig-heymann.de\\\/index.php\\\/zur-person\\\/#breadcrumb\"},\"inLanguage\":\"de\",\"potentialAction\":[{\"@type\":\"ReadAction\",\"target\":[\"https:\\\/\\\/www.leipzig-heymann.de\\\/index.php\\\/zur-person\\\/\"]}]},{\"@type\":\"ImageObject\",\"inLanguage\":\"de\",\"@id\":\"https:\\\/\\\/www.leipzig-heymann.de\\\/index.php\\\/zur-person\\\/#primaryimage\",\"url\":\"https:\\\/\\\/www.leipzig-heymann.de\\\/wp-content\\\/uploads\\\/2024\\\/05\\\/Sabine_Heymann_2.jpg\",\"contentUrl\":\"https:\\\/\\\/www.leipzig-heymann.de\\\/wp-content\\\/uploads\\\/2024\\\/05\\\/Sabine_Heymann_2.jpg\",\"width\":1004,\"height\":992},{\"@type\":\"BreadcrumbList\",\"@id\":\"https:\\\/\\\/www.leipzig-heymann.de\\\/index.php\\\/zur-person\\\/#breadcrumb\",\"itemListElement\":[{\"@type\":\"ListItem\",\"position\":1,\"name\":\"Startseite\",\"item\":\"https:\\\/\\\/www.leipzig-heymann.de\\\/index.php\\\/home\\\/\"},{\"@type\":\"ListItem\",\"position\":2,\"name\":\"Zur Person\"}]},{\"@type\":\"WebSite\",\"@id\":\"https:\\\/\\\/www.leipzig-heymann.de\\\/#website\",\"url\":\"https:\\\/\\\/www.leipzig-heymann.de\\\/\",\"name\":\"DIE LEIPZIGER UNION\",\"description\":\"Christlich Demokratische Union Deutschlands \",\"publisher\":{\"@id\":\"https:\\\/\\\/www.leipzig-heymann.de\\\/#organization\"},\"potentialAction\":[{\"@type\":\"SearchAction\",\"target\":{\"@type\":\"EntryPoint\",\"urlTemplate\":\"https:\\\/\\\/www.leipzig-heymann.de\\\/?s={search_term_string}\"},\"query-input\":{\"@type\":\"PropertyValueSpecification\",\"valueRequired\":true,\"valueName\":\"search_term_string\"}}],\"inLanguage\":\"de\"},{\"@type\":\"Organization\",\"@id\":\"https:\\\/\\\/www.leipzig-heymann.de\\\/#organization\",\"name\":\"DIE LEIPZIGER UNION\",\"url\":\"https:\\\/\\\/www.leipzig-heymann.de\\\/\",\"logo\":{\"@type\":\"ImageObject\",\"inLanguage\":\"de\",\"@id\":\"https:\\\/\\\/www.leipzig-heymann.de\\\/#\\\/schema\\\/logo\\\/image\\\/\",\"url\":\"https:\\\/\\\/www.leipzig-heymann.de\\\/wp-content\\\/uploads\\\/2024\\\/05\\\/CDU-Logo.jpg\",\"contentUrl\":\"https:\\\/\\\/www.leipzig-heymann.de\\\/wp-content\\\/uploads\\\/2024\\\/05\\\/CDU-Logo.jpg\",\"width\":512,\"height\":250,\"caption\":\"DIE LEIPZIGER UNION\"},\"image\":{\"@id\":\"https:\\\/\\\/www.leipzig-heymann.de\\\/#\\\/schema\\\/logo\\\/image\\\/\"},\"sameAs\":[\"https:\\\/\\\/www.facebook.com\\\/ts.heymann\"]}]}<\/script>\n<!-- \/ Yoast SEO plugin. -->","yoast_head_json":{"title":"Zur Person - DIE LEIPZIGER UNION","robots":{"index":"index","follow":"follow","max-snippet":"max-snippet:-1","max-image-preview":"max-image-preview:large","max-video-preview":"max-video-preview:-1"},"canonical":"https:\/\/www.leipzig-heymann.de\/index.php\/zur-person\/","og_locale":"de_DE","og_type":"article","og_title":"Zur Person - DIE LEIPZIGER UNION","og_description":"Geboren 1964 in Leipzig verheiratet wohnhaft in Leipzig-Paunsdorf Zur Ausbildung Studium der Mathematik und sp\u00e4ter der Wirtschaftswissenschaften an der Universit\u00e4t Leipzig von 1982 bis 1988 Promotion an der Leipziger Universit\u00e4t, Wirtschaftswissenschaftliche Fakult\u00e4t 1994 Fortbildung zur Au\u00dfenwirtschaftsberaterin berufliche T\u00e4tigkeit seit 2007 Inhaberin des Beratungsb\u00fcros LE-Regio in Leipzig-Mitte ehrenamtliches Engagement Mitglied der CDU Mitglied der Kommunalpolitischen Vereinigung Weiterlesen\u00a0\u2026","og_url":"https:\/\/www.leipzig-heymann.de\/index.php\/zur-person\/","og_site_name":"DIE LEIPZIGER UNION","article_publisher":"https:\/\/www.facebook.com\/ts.heymann","article_modified_time":"2024-05-16T09:35:36+00:00","twitter_card":"summary_large_image","twitter_misc":{"Gesch\u00e4tzte Lesezeit":"1\u00a0Minute"},"schema":{"@context":"https:\/\/schema.org","@graph":[{"@type":"WebPage","@id":"https:\/\/www.leipzig-heymann.de\/index.php\/zur-person\/","url":"https:\/\/www.leipzig-heymann.de\/index.php\/zur-person\/","name":"Zur Person - DIE LEIPZIGER UNION","isPartOf":{"@id":"https:\/\/www.leipzig-heymann.de\/#website"},"primaryImageOfPage":{"@id":"https:\/\/www.leipzig-heymann.de\/index.php\/zur-person\/#primaryimage"},"image":{"@id":"https:\/\/www.leipzig-heymann.de\/index.php\/zur-person\/#primaryimage"},"thumbnailUrl":"https:\/\/www.leipzig-heymann.de\/wp-content\/uploads\/2024\/05\/Sabine_Heymann_2-300x296.jpg","datePublished":"2024-05-02T16:52:57+00:00","dateModified":"2024-05-16T09:35:36+00:00","breadcrumb":{"@id":"https:\/\/www.leipzig-heymann.de\/index.php\/zur-person\/#breadcrumb"},"inLanguage":"de","potentialAction":[{"@type":"ReadAction","target":["https:\/\/www.leipzig-heymann.de\/index.php\/zur-person\/"]}]},{"@type":"ImageObject","inLanguage":"de","@id":"https:\/\/www.leipzig-heymann.de\/index.php\/zur-person\/#primaryimage","url":"https:\/\/www.leipzig-heymann.de\/wp-content\/uploads\/2024\/05\/Sabine_Heymann_2.jpg","contentUrl":"https:\/\/www.leipzig-heymann.de\/wp-content\/uploads\/2024\/05\/Sabine_Heymann_2.jpg","width":1004,"height":992},{"@type":"BreadcrumbList","@id":"https:\/\/www.leipzig-heymann.de\/index.php\/zur-person\/#breadcrumb","itemListElement":[{"@type":"ListItem","position":1,"name":"Startseite","item":"https:\/\/www.leipzig-heymann.de\/index.php\/home\/"},{"@type":"ListItem","position":2,"name":"Zur Person"}]},{"@type":"WebSite","@id":"https:\/\/www.leipzig-heymann.de\/#website","url":"https:\/\/www.leipzig-heymann.de\/","name":"DIE LEIPZIGER UNION","description":"Christlich Demokratische Union Deutschlands ","publisher":{"@id":"https:\/\/www.leipzig-heymann.de\/#organization"},"potentialAction":[{"@type":"SearchAction","target":{"@type":"EntryPoint","urlTemplate":"https:\/\/www.leipzig-heymann.de\/?s={search_term_string}"},"query-input":{"@type":"PropertyValueSpecification","valueRequired":true,"valueName":"search_term_string"}}],"inLanguage":"de"},{"@type":"Organization","@id":"https:\/\/www.leipzig-heymann.de\/#organization","name":"DIE LEIPZIGER UNION","url":"https:\/\/www.leipzig-heymann.de\/","logo":{"@type":"ImageObject","inLanguage":"de","@id":"https:\/\/www.leipzig-heymann.de\/#\/schema\/logo\/image\/","url":"https:\/\/www.leipzig-heymann.de\/wp-content\/uploads\/2024\/05\/CDU-Logo.jpg","contentUrl":"https:\/\/www.leipzig-heymann.de\/wp-content\/uploads\/2024\/05\/CDU-Logo.jpg","width":512,"height":250,"caption":"DIE LEIPZIGER UNION"},"image":{"@id":"https:\/\/www.leipzig-heymann.de\/#\/schema\/logo\/image\/"},"sameAs":["https:\/\/www.facebook.com\/ts.heymann"]}]}},"_links":{"self":[{"href":"https:\/\/www.leipzig-heymann.de\/index.php\/wp-json\/wp\/v2\/pages\/762","targetHints":{"allow":["GET"]}}],"collection":[{"href":"https:\/\/www.leipzig-heymann.de\/index.php\/wp-json\/wp\/v2\/pages"}],"about":[{"href":"https:\/\/www.leipzig-heymann.de\/index.php\/wp-json\/wp\/v2\/types\/page"}],"author":[{"embeddable":true,"href":"https:\/\/www.leipzig-heymann.de\/index.php\/wp-json\/wp\/v2\/users\/1"}],"replies":[{"embeddable":true,"href":"https:\/\/www.leipzig-heymann.de\/index.php\/wp-json\/wp\/v2\/comments?post=762"}],"version-history":[{"count":7,"href":"https:\/\/www.leipzig-heymann.de\/index.php\/wp-json\/wp\/v2\/pages\/762\/revisions"}],"predecessor-version":[{"id":985,"href":"https:\/\/www.leipzig-heymann.de\/index.php\/wp-json\/wp\/v2\/pages\/762\/revisions\/985"}],"wp:attachment":[{"href":"https:\/\/www.leipzig-heymann.de\/index.php\/wp-json\/wp\/v2\/media?parent=762"}],"curies":[{"name":"wp","href":"https:\/\/api.w.org\/{rel}","templated":true}]}}