{"id":760,"date":"2024-05-02T18:51:36","date_gmt":"2024-05-02T16:51:36","guid":{"rendered":"https:\/\/www.leipzig-heymann.de\/?page_id=760"},"modified":"2024-06-21T09:17:18","modified_gmt":"2024-06-21T07:17:18","slug":"aktuelles","status":"publish","type":"page","link":"https:\/\/www.leipzig-heymann.de\/index.php\/aktuelles\/","title":{"rendered":"Aktuelles"},"content":{"rendered":"<p><strong>Aktuelles aus der Stadtratssitzung vom 20.Juni 2024:<\/strong><\/p>\n<p>Meine Rede zum <a href=\"https:\/\/ratsinformation.leipzig.de\/allris_leipzig_public\/vo020?VOLFDNR=2018185&amp;refresh=false&amp;TOLFDNR=2129068\">Wohnungspolitischen Konzept<\/a> ist <a href=\"https:\/\/cdufraktionleipzig.de\/inhalte\/reden-im-stadtrat\/rede-anlaesslich-des-beschlusses-des-wohnungspolitischen-konzeptes\/\">hier<\/a> zu finden.<\/p>\n<p>Leider konnte sich die Mehrheit des Stadtrates unserem <a href=\"https:\/\/ratsinformation.leipzig.de\/allris_leipzig_public\/vo020?VOLFDNR=2018731&amp;refresh=false&amp;TOLFDNR=2129070\">Antrag<\/a> nicht anschlie\u00dfen. F\u00fcr die CDU-Fraktion war die Forderung nach erreichbaren Zielen wesentlich, darum haben wir das sog. WoPoKo abgelehnt. Wir werden uns dennoch immer weiter daf\u00fcr einsetzen, dass f\u00fcr alle Einwohnerinnen und Einwohner unserer Stadt die Bedigungen f\u00fcr Wohnungsbau verbessert werden.<\/p>\n<p>&nbsp;<\/p>\n<p><strong><span style=\"color: #ff0000;\">Liebe W\u00e4hlerinnen und W\u00e4hler in Leipzig-Mitte,<\/span><\/strong><\/p>\n<p><strong><span style=\"color: #ff0000;\">herzlichen Dank f\u00fcr die Wiederwahl in den Leipziger Stadtrat. <\/span><\/strong><\/p>\n<p><strong><span style=\"color: #ff0000;\">In K\u00fcrze ist hier die Auswertung Ihrer Hinweise an den Wahlkampfst\u00e4nden zu finden. Diese und Ihre vielen pers\u00f6nlichen Anregungen werden mir eine wesentliche Grundlage f\u00fcr die k\u00fcnftige Ratsarbeit sein.<\/span><\/strong><\/p>\n<p>Weitere Hinweise k\u00f6nnen Sie mir gern \u00fcber <a href=\"https:\/\/www.leipzig-heymann.de\/index.php\/ihre-meinung\/\">diese Umfrage geben<\/a>.<\/p>\n<p>Eine Information f\u00fcr die G\u00e4ste an unserem Wahlkampfstand im Clarapark:<br \/>\nDort gab es die Frage nach dem Verbleib der Eichh\u00f6rnchen. Ich habe versprochen, mich zu erkundigen. Laut der Auwaldstation gibt es daf\u00fcr viele Faktoren: hei\u00dfe Sommer, Viruskrankheiten und letztlich auch die wachsende Waschb\u00e4renpopulation. Der K\u00e4lteeinbruch im Fr\u00fchjahr kann nun auch dieses Jahr dazu beitragen, dass das Nahrungsangebot geringer ausfallen k\u00f6nnte und damit auch die Geburtenrate. Leipzig und der Clarapark ist nicht der einzige Ort, wo man dieses Ph\u00e4nomen beobachtet.<\/p>\n<p>Sie k\u00f6nnen mich in der n\u00e4chsten Zeit zu folgenden Gelegenheiten und an folgenden Orten treffen:<\/p>\n<p>zur voraussichtlich letzten Ratsversammlungen der aktuellen Legislaturperiode:<br \/>\n19.06.2024\u00a0 ab 14.00 Uhr (Folgetermin ggf. am 20.06.2024, ab 16.00 Uhr)<\/p>\n","protected":false},"excerpt":{"rendered":"<p>Aktuelles aus der Stadtratssitzung vom 20.Juni 2024: Meine Rede zum Wohnungspolitischen Konzept ist hier zu finden. Leider konnte sich die Mehrheit des Stadtrates unserem Antrag nicht anschlie\u00dfen. F\u00fcr die CDU-Fraktion war die Forderung nach erreichbaren Zielen wesentlich, darum haben wir das sog. WoPoKo abgelehnt. Wir werden uns dennoch immer weiter daf\u00fcr einsetzen, dass f\u00fcr alle <a class=\"more-link\" href=\"https:\/\/www.leipzig-heymann.de\/index.php\/aktuelles\/\">Weiterlesen\u00a0\u2026<\/a><\/p>\n","protected":false},"author":1,"featured_media":0,"parent":0,"menu_order":0,"comment_status":"closed","ping_status":"closed","template":"","meta":{"footnotes":""},"class_list":["post-760","page","type-page","status-publish","hentry"],"yoast_head":"<!-- This site is optimized with the Yoast SEO plugin v27.4 - https:\/\/yoast.com\/product\/yoast-seo-wordpress\/ -->\n<title>Aktuelles - DIE LEIPZIGER UNION<\/title>\n<meta name=\"robots\" content=\"index, follow, max-snippet:-1, max-image-preview:large, max-video-preview:-1\" \/>\n<link rel=\"canonical\" href=\"https:\/\/www.leipzig-heymann.de\/index.php\/aktuelles\/\" \/>\n<meta property=\"og:locale\" content=\"de_DE\" \/>\n<meta property=\"og:type\" content=\"article\" \/>\n<meta property=\"og:title\" content=\"Aktuelles - DIE LEIPZIGER UNION\" \/>\n<meta property=\"og:description\" content=\"Aktuelles aus der Stadtratssitzung vom 20.Juni 2024: Meine Rede zum Wohnungspolitischen Konzept ist hier zu finden. Leider konnte sich die Mehrheit des Stadtrates unserem Antrag nicht anschlie\u00dfen. F\u00fcr die CDU-Fraktion war die Forderung nach erreichbaren Zielen wesentlich, darum haben wir das sog. WoPoKo abgelehnt. Wir werden uns dennoch immer weiter daf\u00fcr einsetzen, dass f\u00fcr alle Weiterlesen\u00a0\u2026\" \/>\n<meta property=\"og:url\" content=\"https:\/\/www.leipzig-heymann.de\/index.php\/aktuelles\/\" \/>\n<meta property=\"og:site_name\" content=\"DIE LEIPZIGER UNION\" \/>\n<meta property=\"article:publisher\" content=\"https:\/\/www.facebook.com\/ts.heymann\" \/>\n<meta property=\"article:modified_time\" content=\"2024-06-21T07:17:18+00:00\" \/>\n<meta name=\"twitter:card\" content=\"summary_large_image\" \/>\n<meta name=\"twitter:label1\" content=\"Gesch\u00e4tzte Lesezeit\" \/>\n\t<meta name=\"twitter:data1\" content=\"2\u00a0Minuten\" \/>\n<script type=\"application\/ld+json\" class=\"yoast-schema-graph\">{\"@context\":\"https:\\\/\\\/schema.org\",\"@graph\":[{\"@type\":\"WebPage\",\"@id\":\"https:\\\/\\\/www.leipzig-heymann.de\\\/index.php\\\/aktuelles\\\/\",\"url\":\"https:\\\/\\\/www.leipzig-heymann.de\\\/index.php\\\/aktuelles\\\/\",\"name\":\"Aktuelles - DIE LEIPZIGER UNION\",\"isPartOf\":{\"@id\":\"https:\\\/\\\/www.leipzig-heymann.de\\\/#website\"},\"datePublished\":\"2024-05-02T16:51:36+00:00\",\"dateModified\":\"2024-06-21T07:17:18+00:00\",\"breadcrumb\":{\"@id\":\"https:\\\/\\\/www.leipzig-heymann.de\\\/index.php\\\/aktuelles\\\/#breadcrumb\"},\"inLanguage\":\"de\",\"potentialAction\":[{\"@type\":\"ReadAction\",\"target\":[\"https:\\\/\\\/www.leipzig-heymann.de\\\/index.php\\\/aktuelles\\\/\"]}]},{\"@type\":\"BreadcrumbList\",\"@id\":\"https:\\\/\\\/www.leipzig-heymann.de\\\/index.php\\\/aktuelles\\\/#breadcrumb\",\"itemListElement\":[{\"@type\":\"ListItem\",\"position\":1,\"name\":\"Startseite\",\"item\":\"https:\\\/\\\/www.leipzig-heymann.de\\\/index.php\\\/home\\\/\"},{\"@type\":\"ListItem\",\"position\":2,\"name\":\"Aktuelles\"}]},{\"@type\":\"WebSite\",\"@id\":\"https:\\\/\\\/www.leipzig-heymann.de\\\/#website\",\"url\":\"https:\\\/\\\/www.leipzig-heymann.de\\\/\",\"name\":\"DIE LEIPZIGER UNION\",\"description\":\"Christlich Demokratische Union Deutschlands \",\"publisher\":{\"@id\":\"https:\\\/\\\/www.leipzig-heymann.de\\\/#organization\"},\"potentialAction\":[{\"@type\":\"SearchAction\",\"target\":{\"@type\":\"EntryPoint\",\"urlTemplate\":\"https:\\\/\\\/www.leipzig-heymann.de\\\/?s={search_term_string}\"},\"query-input\":{\"@type\":\"PropertyValueSpecification\",\"valueRequired\":true,\"valueName\":\"search_term_string\"}}],\"inLanguage\":\"de\"},{\"@type\":\"Organization\",\"@id\":\"https:\\\/\\\/www.leipzig-heymann.de\\\/#organization\",\"name\":\"DIE LEIPZIGER UNION\",\"url\":\"https:\\\/\\\/www.leipzig-heymann.de\\\/\",\"logo\":{\"@type\":\"ImageObject\",\"inLanguage\":\"de\",\"@id\":\"https:\\\/\\\/www.leipzig-heymann.de\\\/#\\\/schema\\\/logo\\\/image\\\/\",\"url\":\"https:\\\/\\\/www.leipzig-heymann.de\\\/wp-content\\\/uploads\\\/2024\\\/05\\\/CDU-Logo.jpg\",\"contentUrl\":\"https:\\\/\\\/www.leipzig-heymann.de\\\/wp-content\\\/uploads\\\/2024\\\/05\\\/CDU-Logo.jpg\",\"width\":512,\"height\":250,\"caption\":\"DIE LEIPZIGER UNION\"},\"image\":{\"@id\":\"https:\\\/\\\/www.leipzig-heymann.de\\\/#\\\/schema\\\/logo\\\/image\\\/\"},\"sameAs\":[\"https:\\\/\\\/www.facebook.com\\\/ts.heymann\"]}]}<\/script>\n<!-- \/ Yoast SEO plugin. -->","yoast_head_json":{"title":"Aktuelles - DIE LEIPZIGER UNION","robots":{"index":"index","follow":"follow","max-snippet":"max-snippet:-1","max-image-preview":"max-image-preview:large","max-video-preview":"max-video-preview:-1"},"canonical":"https:\/\/www.leipzig-heymann.de\/index.php\/aktuelles\/","og_locale":"de_DE","og_type":"article","og_title":"Aktuelles - DIE LEIPZIGER UNION","og_description":"Aktuelles aus der Stadtratssitzung vom 20.Juni 2024: Meine Rede zum Wohnungspolitischen Konzept ist hier zu finden. Leider konnte sich die Mehrheit des Stadtrates unserem Antrag nicht anschlie\u00dfen. F\u00fcr die CDU-Fraktion war die Forderung nach erreichbaren Zielen wesentlich, darum haben wir das sog. WoPoKo abgelehnt. Wir werden uns dennoch immer weiter daf\u00fcr einsetzen, dass f\u00fcr alle Weiterlesen\u00a0\u2026","og_url":"https:\/\/www.leipzig-heymann.de\/index.php\/aktuelles\/","og_site_name":"DIE LEIPZIGER UNION","article_publisher":"https:\/\/www.facebook.com\/ts.heymann","article_modified_time":"2024-06-21T07:17:18+00:00","twitter_card":"summary_large_image","twitter_misc":{"Gesch\u00e4tzte Lesezeit":"2\u00a0Minuten"},"schema":{"@context":"https:\/\/schema.org","@graph":[{"@type":"WebPage","@id":"https:\/\/www.leipzig-heymann.de\/index.php\/aktuelles\/","url":"https:\/\/www.leipzig-heymann.de\/index.php\/aktuelles\/","name":"Aktuelles - DIE LEIPZIGER UNION","isPartOf":{"@id":"https:\/\/www.leipzig-heymann.de\/#website"},"datePublished":"2024-05-02T16:51:36+00:00","dateModified":"2024-06-21T07:17:18+00:00","breadcrumb":{"@id":"https:\/\/www.leipzig-heymann.de\/index.php\/aktuelles\/#breadcrumb"},"inLanguage":"de","potentialAction":[{"@type":"ReadAction","target":["https:\/\/www.leipzig-heymann.de\/index.php\/aktuelles\/"]}]},{"@type":"BreadcrumbList","@id":"https:\/\/www.leipzig-heymann.de\/index.php\/aktuelles\/#breadcrumb","itemListElement":[{"@type":"ListItem","position":1,"name":"Startseite","item":"https:\/\/www.leipzig-heymann.de\/index.php\/home\/"},{"@type":"ListItem","position":2,"name":"Aktuelles"}]},{"@type":"WebSite","@id":"https:\/\/www.leipzig-heymann.de\/#website","url":"https:\/\/www.leipzig-heymann.de\/","name":"DIE LEIPZIGER UNION","description":"Christlich Demokratische Union Deutschlands ","publisher":{"@id":"https:\/\/www.leipzig-heymann.de\/#organization"},"potentialAction":[{"@type":"SearchAction","target":{"@type":"EntryPoint","urlTemplate":"https:\/\/www.leipzig-heymann.de\/?s={search_term_string}"},"query-input":{"@type":"PropertyValueSpecification","valueRequired":true,"valueName":"search_term_string"}}],"inLanguage":"de"},{"@type":"Organization","@id":"https:\/\/www.leipzig-heymann.de\/#organization","name":"DIE LEIPZIGER UNION","url":"https:\/\/www.leipzig-heymann.de\/","logo":{"@type":"ImageObject","inLanguage":"de","@id":"https:\/\/www.leipzig-heymann.de\/#\/schema\/logo\/image\/","url":"https:\/\/www.leipzig-heymann.de\/wp-content\/uploads\/2024\/05\/CDU-Logo.jpg","contentUrl":"https:\/\/www.leipzig-heymann.de\/wp-content\/uploads\/2024\/05\/CDU-Logo.jpg","width":512,"height":250,"caption":"DIE LEIPZIGER UNION"},"image":{"@id":"https:\/\/www.leipzig-heymann.de\/#\/schema\/logo\/image\/"},"sameAs":["https:\/\/www.facebook.com\/ts.heymann"]}]}},"_links":{"self":[{"href":"https:\/\/www.leipzig-heymann.de\/index.php\/wp-json\/wp\/v2\/pages\/760","targetHints":{"allow":["GET"]}}],"collection":[{"href":"https:\/\/www.leipzig-heymann.de\/index.php\/wp-json\/wp\/v2\/pages"}],"about":[{"href":"https:\/\/www.leipzig-heymann.de\/index.php\/wp-json\/wp\/v2\/types\/page"}],"author":[{"embeddable":true,"href":"https:\/\/www.leipzig-heymann.de\/index.php\/wp-json\/wp\/v2\/users\/1"}],"replies":[{"embeddable":true,"href":"https:\/\/www.leipzig-heymann.de\/index.php\/wp-json\/wp\/v2\/comments?post=760"}],"version-history":[{"count":7,"href":"https:\/\/www.leipzig-heymann.de\/index.php\/wp-json\/wp\/v2\/pages\/760\/revisions"}],"predecessor-version":[{"id":1020,"href":"https:\/\/www.leipzig-heymann.de\/index.php\/wp-json\/wp\/v2\/pages\/760\/revisions\/1020"}],"wp:attachment":[{"href":"https:\/\/www.leipzig-heymann.de\/index.php\/wp-json\/wp\/v2\/media?parent=760"}],"curies":[{"name":"wp","href":"https:\/\/api.w.org\/{rel}","templated":true}]}}