{"id":757,"date":"2024-05-02T18:51:12","date_gmt":"2024-05-02T16:51:12","guid":{"rendered":"https:\/\/www.leipzig-heymann.de\/?page_id=757"},"modified":"2024-05-13T11:03:43","modified_gmt":"2024-05-13T09:03:43","slug":"home","status":"publish","type":"page","link":"https:\/\/www.leipzig-heymann.de\/","title":{"rendered":"Home"},"content":{"rendered":"<p><img loading=\"lazy\" decoding=\"async\" class=\"alignnone wp-image-955 size-large\" src=\"https:\/\/www.leipzig-heymann.de\/wp-content\/uploads\/2024\/05\/Dr.-Sabine-Heymann-1024x768.jpg\" alt=\"\" width=\"780\" height=\"585\" srcset=\"https:\/\/www.leipzig-heymann.de\/wp-content\/uploads\/2024\/05\/Dr.-Sabine-Heymann-1024x768.jpg 1024w, https:\/\/www.leipzig-heymann.de\/wp-content\/uploads\/2024\/05\/Dr.-Sabine-Heymann-300x225.jpg 300w, https:\/\/www.leipzig-heymann.de\/wp-content\/uploads\/2024\/05\/Dr.-Sabine-Heymann-768x576.jpg 768w, https:\/\/www.leipzig-heymann.de\/wp-content\/uploads\/2024\/05\/Dr.-Sabine-Heymann.jpg 1440w\" sizes=\"auto, (max-width: 780px) 100vw, 780px\" \/><\/p>\n<p><strong>#Leipzig.Besser.Machen<\/strong> steht f\u00fcr einen Neustart der Systeme in Leipzig. Es darf nicht mehr darum gehen Ihre Lebensweise zu steuern und zu bestimmen, sondern Sie sollen mit Ihren Engagement, Idee aber auch Problemen Teil der Zukunft von Leipzig sein. Daf\u00fcr <strong>will<\/strong> ich auch in der neuen Legislaturperiode f\u00fcr Sie wieder t\u00e4tig werden d\u00fcrfen!<\/p>\n<p><strong>Liebe Leipzigerinnen und Leipziger im Wahlkreis 0<\/strong><\/p>\n<p>Sie haben am 09. Juni 2024 die Wahl, wer Sie in den kommenden f\u00fcnf Jahren im Leipziger Stadtrat vertreten soll. In einem Stadtrat, der f\u00fcr Sie und mit Ihnen die Geschicke der Stadt lenkt, die Gesellschaft eint und nicht trennt.<\/p>\n<p><span style=\"color: #52b7c1;\"><strong>Setzen Sie dazu Ihr Vertrauen in die CDU-Leipzig und gern auch in mich!<\/strong><\/span><\/p>\n<p><strong>Ich will auch die n\u00e4chsten 5 Jahre jemand sein \u2026<\/strong><\/p>\n<ul>\n<li>die zuh\u00f6rt und Sie nicht gleich in eine Schublade ablegt<\/li>\n<li>die nach L\u00f6sungsm\u00f6glichkeiten f\u00fcr Ihre Probleme mit Ihnen gemeinsam sucht<\/li>\n<li>die Ihre Ideen und Anregungen gern aufnimmt<\/li>\n<li>die ein offenes Auge f\u00fcr die Entwicklungsm\u00f6glichkeiten der Quartiere in Leipzigs Zentrum hat<\/li>\n<li>die Verst\u00e4ndnis f\u00fcr sich ehrenamtlich Engangierende hat<\/li>\n<\/ul>\n<p>Ihre<\/p>\n<p>CDU-Stadtr\u00e4tin und Kandidatin f\u00fcr den kommenden Stadtrat<br \/>\nSabine Heymann<\/p>\n<p>Die, die tagaktuell etwas von meinen Aktivit\u00e4ten lesen wollen, finden mich auch bei:<\/p>\n<p><a href=\"https:\/\/www.facebook.com\/ts.heymann\" target=\"_blank\" rel=\"noopener\"><img loading=\"lazy\" decoding=\"async\" class=\"wp-image-825 size-full alignnone\" src=\"https:\/\/www.leipzig-heymann.de\/wp-content\/uploads\/2024\/05\/facebook.jpg\" alt=\"\" width=\"68\" height=\"68\" srcset=\"https:\/\/www.leipzig-heymann.de\/wp-content\/uploads\/2024\/05\/facebook.jpg 68w, https:\/\/www.leipzig-heymann.de\/wp-content\/uploads\/2024\/05\/facebook-40x40.jpg 40w\" sizes=\"auto, (max-width: 68px) 100vw, 68px\" \/><\/a><\/p>\n","protected":false},"excerpt":{"rendered":"<p>#Leipzig.Besser.Machen steht f\u00fcr einen Neustart der Systeme in Leipzig. Es darf nicht mehr darum gehen Ihre Lebensweise zu steuern und zu bestimmen, sondern Sie sollen mit Ihren Engagement, Idee aber auch Problemen Teil der Zukunft von Leipzig sein. Daf\u00fcr will ich auch in der neuen Legislaturperiode f\u00fcr Sie wieder t\u00e4tig werden d\u00fcrfen! Liebe Leipzigerinnen und <a class=\"more-link\" href=\"https:\/\/www.leipzig-heymann.de\/\">Weiterlesen\u00a0\u2026<\/a><\/p>\n","protected":false},"author":1,"featured_media":0,"parent":0,"menu_order":0,"comment_status":"closed","ping_status":"closed","template":"","meta":{"footnotes":""},"class_list":["post-757","page","type-page","status-publish","hentry"],"yoast_head":"<!-- This site is optimized with the Yoast SEO plugin v27.5 - https:\/\/yoast.com\/product\/yoast-seo-wordpress\/ -->\n<title>Home - DIE LEIPZIGER UNION<\/title>\n<meta name=\"robots\" content=\"index, follow, max-snippet:-1, max-image-preview:large, max-video-preview:-1\" \/>\n<link rel=\"canonical\" href=\"https:\/\/www.leipzig-heymann.de\/index.php\/home\/\" \/>\n<meta property=\"og:locale\" content=\"de_DE\" \/>\n<meta property=\"og:type\" content=\"article\" \/>\n<meta property=\"og:title\" content=\"Home - DIE LEIPZIGER UNION\" \/>\n<meta property=\"og:description\" content=\"#Leipzig.Besser.Machen steht f\u00fcr einen Neustart der Systeme in Leipzig. Es darf nicht mehr darum gehen Ihre Lebensweise zu steuern und zu bestimmen, sondern Sie sollen mit Ihren Engagement, Idee aber auch Problemen Teil der Zukunft von Leipzig sein. Daf\u00fcr will ich auch in der neuen Legislaturperiode f\u00fcr Sie wieder t\u00e4tig werden d\u00fcrfen! Liebe Leipzigerinnen und Weiterlesen\u00a0\u2026\" \/>\n<meta property=\"og:url\" content=\"https:\/\/www.leipzig-heymann.de\/index.php\/home\/\" \/>\n<meta property=\"og:site_name\" content=\"DIE LEIPZIGER UNION\" \/>\n<meta property=\"article:publisher\" content=\"https:\/\/www.facebook.com\/ts.heymann\" \/>\n<meta property=\"article:modified_time\" content=\"2024-05-13T09:03:43+00:00\" \/>\n<meta name=\"twitter:card\" content=\"summary_large_image\" \/>\n<meta name=\"twitter:label1\" content=\"Gesch\u00e4tzte Lesezeit\" \/>\n\t<meta name=\"twitter:data1\" content=\"1\u00a0Minute\" \/>\n<script type=\"application\/ld+json\" class=\"yoast-schema-graph\">{\"@context\":\"https:\\\/\\\/schema.org\",\"@graph\":[{\"@type\":\"WebPage\",\"@id\":\"https:\\\/\\\/www.leipzig-heymann.de\\\/index.php\\\/home\\\/\",\"url\":\"https:\\\/\\\/www.leipzig-heymann.de\\\/index.php\\\/home\\\/\",\"name\":\"Home - DIE LEIPZIGER UNION\",\"isPartOf\":{\"@id\":\"https:\\\/\\\/www.leipzig-heymann.de\\\/#website\"},\"primaryImageOfPage\":{\"@id\":\"https:\\\/\\\/www.leipzig-heymann.de\\\/index.php\\\/home\\\/#primaryimage\"},\"image\":{\"@id\":\"https:\\\/\\\/www.leipzig-heymann.de\\\/index.php\\\/home\\\/#primaryimage\"},\"thumbnailUrl\":\"https:\\\/\\\/www.leipzig-heymann.de\\\/wp-content\\\/uploads\\\/2024\\\/05\\\/Dr.-Sabine-Heymann-1024x768.jpg\",\"datePublished\":\"2024-05-02T16:51:12+00:00\",\"dateModified\":\"2024-05-13T09:03:43+00:00\",\"breadcrumb\":{\"@id\":\"https:\\\/\\\/www.leipzig-heymann.de\\\/index.php\\\/home\\\/#breadcrumb\"},\"inLanguage\":\"de\",\"potentialAction\":[{\"@type\":\"ReadAction\",\"target\":[\"https:\\\/\\\/www.leipzig-heymann.de\\\/index.php\\\/home\\\/\"]}]},{\"@type\":\"ImageObject\",\"inLanguage\":\"de\",\"@id\":\"https:\\\/\\\/www.leipzig-heymann.de\\\/index.php\\\/home\\\/#primaryimage\",\"url\":\"https:\\\/\\\/www.leipzig-heymann.de\\\/wp-content\\\/uploads\\\/2024\\\/05\\\/Dr.-Sabine-Heymann.jpg\",\"contentUrl\":\"https:\\\/\\\/www.leipzig-heymann.de\\\/wp-content\\\/uploads\\\/2024\\\/05\\\/Dr.-Sabine-Heymann.jpg\",\"width\":1440,\"height\":1080},{\"@type\":\"BreadcrumbList\",\"@id\":\"https:\\\/\\\/www.leipzig-heymann.de\\\/index.php\\\/home\\\/#breadcrumb\",\"itemListElement\":[{\"@type\":\"ListItem\",\"position\":1,\"name\":\"Startseite\",\"item\":\"https:\\\/\\\/www.leipzig-heymann.de\\\/index.php\\\/home\\\/\"},{\"@type\":\"ListItem\",\"position\":2,\"name\":\"Home\"}]},{\"@type\":\"WebSite\",\"@id\":\"https:\\\/\\\/www.leipzig-heymann.de\\\/#website\",\"url\":\"https:\\\/\\\/www.leipzig-heymann.de\\\/\",\"name\":\"DIE LEIPZIGER UNION\",\"description\":\"Christlich Demokratische Union Deutschlands \",\"publisher\":{\"@id\":\"https:\\\/\\\/www.leipzig-heymann.de\\\/#organization\"},\"potentialAction\":[{\"@type\":\"SearchAction\",\"target\":{\"@type\":\"EntryPoint\",\"urlTemplate\":\"https:\\\/\\\/www.leipzig-heymann.de\\\/?s={search_term_string}\"},\"query-input\":{\"@type\":\"PropertyValueSpecification\",\"valueRequired\":true,\"valueName\":\"search_term_string\"}}],\"inLanguage\":\"de\"},{\"@type\":\"Organization\",\"@id\":\"https:\\\/\\\/www.leipzig-heymann.de\\\/#organization\",\"name\":\"DIE LEIPZIGER UNION\",\"url\":\"https:\\\/\\\/www.leipzig-heymann.de\\\/\",\"logo\":{\"@type\":\"ImageObject\",\"inLanguage\":\"de\",\"@id\":\"https:\\\/\\\/www.leipzig-heymann.de\\\/#\\\/schema\\\/logo\\\/image\\\/\",\"url\":\"https:\\\/\\\/www.leipzig-heymann.de\\\/wp-content\\\/uploads\\\/2024\\\/05\\\/CDU-Logo.jpg\",\"contentUrl\":\"https:\\\/\\\/www.leipzig-heymann.de\\\/wp-content\\\/uploads\\\/2024\\\/05\\\/CDU-Logo.jpg\",\"width\":512,\"height\":250,\"caption\":\"DIE LEIPZIGER UNION\"},\"image\":{\"@id\":\"https:\\\/\\\/www.leipzig-heymann.de\\\/#\\\/schema\\\/logo\\\/image\\\/\"},\"sameAs\":[\"https:\\\/\\\/www.facebook.com\\\/ts.heymann\"]}]}<\/script>\n<!-- \/ Yoast SEO plugin. -->","yoast_head_json":{"title":"Home - DIE LEIPZIGER UNION","robots":{"index":"index","follow":"follow","max-snippet":"max-snippet:-1","max-image-preview":"max-image-preview:large","max-video-preview":"max-video-preview:-1"},"canonical":"https:\/\/www.leipzig-heymann.de\/index.php\/home\/","og_locale":"de_DE","og_type":"article","og_title":"Home - DIE LEIPZIGER UNION","og_description":"#Leipzig.Besser.Machen steht f\u00fcr einen Neustart der Systeme in Leipzig. Es darf nicht mehr darum gehen Ihre Lebensweise zu steuern und zu bestimmen, sondern Sie sollen mit Ihren Engagement, Idee aber auch Problemen Teil der Zukunft von Leipzig sein. Daf\u00fcr will ich auch in der neuen Legislaturperiode f\u00fcr Sie wieder t\u00e4tig werden d\u00fcrfen! Liebe Leipzigerinnen und Weiterlesen\u00a0\u2026","og_url":"https:\/\/www.leipzig-heymann.de\/index.php\/home\/","og_site_name":"DIE LEIPZIGER UNION","article_publisher":"https:\/\/www.facebook.com\/ts.heymann","article_modified_time":"2024-05-13T09:03:43+00:00","twitter_card":"summary_large_image","twitter_misc":{"Gesch\u00e4tzte Lesezeit":"1\u00a0Minute"},"schema":{"@context":"https:\/\/schema.org","@graph":[{"@type":"WebPage","@id":"https:\/\/www.leipzig-heymann.de\/index.php\/home\/","url":"https:\/\/www.leipzig-heymann.de\/index.php\/home\/","name":"Home - DIE LEIPZIGER UNION","isPartOf":{"@id":"https:\/\/www.leipzig-heymann.de\/#website"},"primaryImageOfPage":{"@id":"https:\/\/www.leipzig-heymann.de\/index.php\/home\/#primaryimage"},"image":{"@id":"https:\/\/www.leipzig-heymann.de\/index.php\/home\/#primaryimage"},"thumbnailUrl":"https:\/\/www.leipzig-heymann.de\/wp-content\/uploads\/2024\/05\/Dr.-Sabine-Heymann-1024x768.jpg","datePublished":"2024-05-02T16:51:12+00:00","dateModified":"2024-05-13T09:03:43+00:00","breadcrumb":{"@id":"https:\/\/www.leipzig-heymann.de\/index.php\/home\/#breadcrumb"},"inLanguage":"de","potentialAction":[{"@type":"ReadAction","target":["https:\/\/www.leipzig-heymann.de\/index.php\/home\/"]}]},{"@type":"ImageObject","inLanguage":"de","@id":"https:\/\/www.leipzig-heymann.de\/index.php\/home\/#primaryimage","url":"https:\/\/www.leipzig-heymann.de\/wp-content\/uploads\/2024\/05\/Dr.-Sabine-Heymann.jpg","contentUrl":"https:\/\/www.leipzig-heymann.de\/wp-content\/uploads\/2024\/05\/Dr.-Sabine-Heymann.jpg","width":1440,"height":1080},{"@type":"BreadcrumbList","@id":"https:\/\/www.leipzig-heymann.de\/index.php\/home\/#breadcrumb","itemListElement":[{"@type":"ListItem","position":1,"name":"Startseite","item":"https:\/\/www.leipzig-heymann.de\/index.php\/home\/"},{"@type":"ListItem","position":2,"name":"Home"}]},{"@type":"WebSite","@id":"https:\/\/www.leipzig-heymann.de\/#website","url":"https:\/\/www.leipzig-heymann.de\/","name":"DIE LEIPZIGER UNION","description":"Christlich Demokratische Union Deutschlands ","publisher":{"@id":"https:\/\/www.leipzig-heymann.de\/#organization"},"potentialAction":[{"@type":"SearchAction","target":{"@type":"EntryPoint","urlTemplate":"https:\/\/www.leipzig-heymann.de\/?s={search_term_string}"},"query-input":{"@type":"PropertyValueSpecification","valueRequired":true,"valueName":"search_term_string"}}],"inLanguage":"de"},{"@type":"Organization","@id":"https:\/\/www.leipzig-heymann.de\/#organization","name":"DIE LEIPZIGER UNION","url":"https:\/\/www.leipzig-heymann.de\/","logo":{"@type":"ImageObject","inLanguage":"de","@id":"https:\/\/www.leipzig-heymann.de\/#\/schema\/logo\/image\/","url":"https:\/\/www.leipzig-heymann.de\/wp-content\/uploads\/2024\/05\/CDU-Logo.jpg","contentUrl":"https:\/\/www.leipzig-heymann.de\/wp-content\/uploads\/2024\/05\/CDU-Logo.jpg","width":512,"height":250,"caption":"DIE LEIPZIGER UNION"},"image":{"@id":"https:\/\/www.leipzig-heymann.de\/#\/schema\/logo\/image\/"},"sameAs":["https:\/\/www.facebook.com\/ts.heymann"]}]}},"_links":{"self":[{"href":"https:\/\/www.leipzig-heymann.de\/index.php\/wp-json\/wp\/v2\/pages\/757","targetHints":{"allow":["GET"]}}],"collection":[{"href":"https:\/\/www.leipzig-heymann.de\/index.php\/wp-json\/wp\/v2\/pages"}],"about":[{"href":"https:\/\/www.leipzig-heymann.de\/index.php\/wp-json\/wp\/v2\/types\/page"}],"author":[{"embeddable":true,"href":"https:\/\/www.leipzig-heymann.de\/index.php\/wp-json\/wp\/v2\/users\/1"}],"replies":[{"embeddable":true,"href":"https:\/\/www.leipzig-heymann.de\/index.php\/wp-json\/wp\/v2\/comments?post=757"}],"version-history":[{"count":14,"href":"https:\/\/www.leipzig-heymann.de\/index.php\/wp-json\/wp\/v2\/pages\/757\/revisions"}],"predecessor-version":[{"id":957,"href":"https:\/\/www.leipzig-heymann.de\/index.php\/wp-json\/wp\/v2\/pages\/757\/revisions\/957"}],"wp:attachment":[{"href":"https:\/\/www.leipzig-heymann.de\/index.php\/wp-json\/wp\/v2\/media?parent=757"}],"curies":[{"name":"wp","href":"https:\/\/api.w.org\/{rel}","templated":true}]}}